{"id":8578,"date":"2019-04-08T10:42:15","date_gmt":"2019-04-08T08:42:15","guid":{"rendered":"https:\/\/www.stegerbraeu.at\/?page_id=8578"},"modified":"2026-04-05T16:52:53","modified_gmt":"2026-04-05T14:52:53","slug":"opening-hours-restaurant-hotel","status":"publish","type":"page","link":"https:\/\/www.stegerbraeu.at\/en\/contact\/opening-hours-restaurant-hotel\/","title":{"rendered":"Opening hours restaurant &#038; hotel"},"content":{"rendered":"<div class=\"wpb-content-wrapper\"><p>[vc_row][vc_column][vc_column_text]<\/p>\n<h1>Opening hours restaurant &amp; hotel Stegerbr\u00e4u<\/h1>\n<h2>for your holiday and restaurant visit in Radstadt<\/h2>\n<p>[\/vc_column_text][vc_column_text]In our 3 star Hotel Stegerbr\u00e4u we offer <a href=\"https:\/\/www.stegerbraeu.at\/en\/hotel-radstadt\/rooms-radstadt\/\">comfortable rooms,<\/a> breakfast and meals for your\u00a0 summer and winter holidays and due to the the central location,\u00a0 right in the centre of Radstadt, we are as well ideal located for your overnight stay or business trip.\u00a0 Our <a href=\"https:\/\/www.stegerbraeu.at\/en\/restaurant-in-radstadt-salzburgerland\/der-gasthof\/\">restaurant localities<\/a> in the inn offer cozy places to eat and drink and are meeting place for all occasions.\u00a0The panorama breakfast restaurant invites you to a hearty breakfast &#8211; for house guests as well as for a-la-carte guests.[\/vc_column_text][\/vc_column][\/vc_row][vc_row full_width=&#8221;stretch_row&#8221; bg_type=&#8221;image&#8221; parallax_style=&#8221;vcpb-default&#8221; bg_image_new=&#8221;89|https:\/\/www.stegerbraeu.at\/wp-content\/uploads\/hintergrund1.jpg&#8221; bg_image_size=&#8221;initial&#8221; el_class=&#8221;hintergrund&#8221;][vc_column][vc_column_text]<\/p>\n<h2 style=\"text-align: left;\">Opening &#8211; &amp; Service Times<\/h2>\n<p>[\/vc_column_text][vc_row_inner][vc_column_inner width=&#8221;1\/3&#8243; css=&#8221;.vc_custom_1684449540197{margin-top: 10px !important;}&#8221;]<div tabindex=\"0\" class=\"ult-new-ib ult-ib-effect-style15  ult-ib-resp  \" data-min-width=\"768\" data-max-width=\"900\" style=\"\" data-opacity=\"1\" data-hover-opacity=\"1\" ><img decoding=\"async\" class=\"ult-new-ib-img\" style=\"opacity:1;\" alt=\"Information about opening times for Hotel - and Restaurant Stegerbr\u00e4u\" src=\"https:\/\/www.stegerbraeu.at\/wp-content\/uploads\/opening-times-hotel-and-restaurant-stegerbraeu-radstadt-c.jpg\"   \/><div id=\"interactive-banner-wrap-5073\" class=\"ult-new-ib-desc\" style=\"\"><h2 class=\"ult-new-ib-title ult-responsive\"  data-ultimate-target='#interactive-banner-wrap-5073 .ult-new-ib-title'  data-responsive-json-new='{\"font-size\":\"\",\"line-height\":\"\"}'  style=\"font-weight:normal;\"><\/h2><\/div><\/div>[\/vc_column_inner][vc_column_inner width=&#8221;2\/3&#8243;][vc_column_text css=&#8221;&#8221;]<\/p>\n<p data-start=\"28\" data-end=\"84\"><strong data-start=\"28\" data-end=\"46\">Company break:<\/strong> April 6 to April 15, 2026 (inclusive)<\/p>\n<p data-start=\"86\" data-end=\"126\">Apart from that, we are open as follows:<\/p>\n<p data-start=\"128\" data-end=\"386\"><strong data-start=\"128\" data-end=\"154\">\u00c0 la carte RESTAURANT:<\/strong><br data-start=\"154\" data-end=\"157\" \/>Open daily again from April 16, 2026, from 11:00 AM to 12:00 AM.<br data-start=\"221\" data-end=\"224\" \/>Dishes from the main menu are served from 11:00 AM to 2:00 PM and 5:00 PM to 9:00 PM.<br data-start=\"309\" data-end=\"312\" \/>Between 2:00 PM and 5:00 PM, dishes from the afternoon menu are available.<\/p>\n<p data-start=\"388\" data-end=\"589\"><strong data-start=\"388\" data-end=\"426\">\u00c0 la carte breakfast at \u201cJulie\u2019s\u201d:<\/strong><br data-start=\"426\" data-end=\"429\" \/>Available again from April 17, 2026<br data-start=\"464\" data-end=\"467\" \/>Daily from 7:00 AM to 10:30 AM<br data-start=\"497\" data-end=\"500\" \/>Afterwards, Julie\u2019s living room remains open as a cozy caf\u00e9 meeting place until 12:00 PM.<\/p>\n<p data-start=\"591\" data-end=\"700\" data-is-last-node=\"\" data-is-only-node=\"\"><strong data-start=\"591\" data-end=\"601\">HOTEL:<\/strong><br data-start=\"601\" data-end=\"604\" \/>We offer cozy rooms including breakfast almost all year round (except during the company break).<\/p>\n<p>[\/vc_column_text][\/vc_column_inner][\/vc_row_inner][vc_row_inner disable_element=&#8221;yes&#8221;][vc_column_inner][vc_column_text]<strong>CATERING for our house-guests and \u00e0 la carte:<br \/>\n<\/strong>We offer breakfast in the Panorama Restaurant daily, whenever the hotel is open, without closing day from 07:00 to 11:00 am. You can enjoy the Stegerbr\u00e4u cuisine for lunch, dinner or for hunger in between on opening days of the a-la-carte restaurant.[\/vc_column_text][\/vc_column_inner][\/vc_row_inner][\/vc_column][\/vc_row][vc_row][vc_column][vc_column_text]<\/p>\n<h3>Culinary Delights at Stegerbr\u00e4u<\/h3>\n<p>[\/vc_column_text][\/vc_column][\/vc_row][vc_row][vc_column width=&#8221;1\/3&#8243;][vc_row_inner][vc_column_inner]<div tabindex=\"0\" class=\"ult-new-ib ult-ib-effect-style15 grid-abstand-unten ult-ib-resp  \" data-min-width=\"768\" data-max-width=\"900\" style=\"\" data-opacity=\"1\" data-hover-opacity=\"1\" ><img decoding=\"async\" class=\"ult-new-ib-img\" style=\"opacity:1;\" alt=\"Ein Glas Frizzante wird G\u00e4sten beim \u00e0-la-carte Fr\u00fchst\u00fcck im Julie&#039;s eingeschenkt\" src=\"https:\/\/www.stegerbraeu.at\/wp-content\/uploads\/a-la-carte-fruehstueck-mit-frizzante\u00a9stegerbraeu_0231-c.jpg\"   \/><div id=\"interactive-banner-wrap-8482\" class=\"ult-new-ib-desc\" style=\"\"><h2 class=\"ult-new-ib-title ult-responsive\"  data-ultimate-target='#interactive-banner-wrap-8482 .ult-new-ib-title'  data-responsive-json-new='{\"font-size\":\"\",\"line-height\":\"\"}'  style=\"font-weight:normal;\">Julie's Breakfast<\/h2><\/div><\/div>[\/vc_column_inner][\/vc_row_inner][vc_tta_accordion active_section=&#8221;99&#8243; collapsible_all=&#8221;true&#8221;][vc_tta_section title=&#8221;Having breakfast in the Stegerbr\u00e4u&#8221; tab_id=&#8221;1624218926282-611dc2df-1264&#8243;][vc_column_text css=&#8221;&#8221;]<strong>Enjoyable breakfast in Radstadt at the Stegerbr\u00e4u<\/strong><\/p>\n<p>For our house guests, breakfast is included in the room rate.\u00a0 You can also enjoy the Stegerbr\u00e4u breakfast a-la-carte.<\/p>\n<ul>\n<li><strong>Hearty breakfast from the buffet\u00a0<\/strong>with everything your heart desires<\/li>\n<li>Breakfast service: from 7am to 10:30 am &#8211; also ideal as a<strong> late riser breakfast<\/strong><\/li>\n<li>Get here more information to our <a href=\"https:\/\/www.stegerbraeu.at\/en\/restaurant-in-radstadt-salzburgerland\/breakfast-radstadt\/\">&#8220;Breakfast-Offer&#8221;\u00a0<\/a><\/li>\n<\/ul>\n<p>For the a-la-carte breakfast, please book in advance so that we can reserve a table for you. In summer, when the weather is fine, we are happy to serve breakfast on the terrace of Julie&#8217;s Breakfast Restaurant.\u00a0<a href=\"https:\/\/www.stegerbraeu.at\/en\/restaurant-in-radstadt-salzburgerland\/table-reservation-restaurant-gasthaus\/\"> Click here for table reservation.\u00a0<\/a>[\/vc_column_text][\/vc_tta_section][\/vc_tta_accordion][\/vc_column][vc_column width=&#8221;1\/3&#8243;][vc_row_inner][vc_column_inner]<div tabindex=\"0\" class=\"ult-new-ib ult-ib-effect-style15 grid-abstand-unten ult-ib-resp  \" data-min-width=\"768\" data-max-width=\"900\" style=\"\" data-opacity=\"1\" data-hover-opacity=\"1\" ><img decoding=\"async\" class=\"ult-new-ib-img\" style=\"opacity:1;\" alt=\"Im Br\u00e4usaal ist auch die Wirtshaus-Stube integriert - als abgegrenzter Raum, ideal f\u00fcr einen extra Bereich f\u00fcr gr\u00f6\u00dfere Runden\" src=\"https:\/\/www.stegerbraeu.at\/wp-content\/uploads\/Braeusaal-Mitte-01_7084-c.jpg\"   \/><div id=\"interactive-banner-wrap-8669\" class=\"ult-new-ib-desc\" style=\"\"><h2 class=\"ult-new-ib-title ult-responsive\"  data-ultimate-target='#interactive-banner-wrap-8669 .ult-new-ib-title'  data-responsive-json-new='{\"font-size\":\"\",\"line-height\":\"\"}'  style=\"font-weight:normal;\">Restaurants for all occasions<\/h2><\/div><a class=\"ult-new-ib-link\" href=\"https:\/\/www.stegerbraeu.at\/en\/restaurant-in-radstadt-salzburgerland\/restaurant-radstadt\/\"  ><\/a><\/div>[\/vc_column_inner][\/vc_row_inner][vc_tta_accordion active_section=&#8221;99&#8243; collapsible_all=&#8221;true&#8221;][vc_tta_section title=&#8221;Warm kitchen from 11 am to 9 pm&#8221; tab_id=&#8221;1624218971741-a7836bd0-2015&#8243;][vc_column_text]<\/p>\n<ul>\n<li>Choose out from the Menu from 11am to 2pm and from 5 pm to 9pm<\/li>\n<li>During 2pm and 5pm we serve dishes from the afternoon-menu<\/li>\n<li><strong>Please always check the current closing dated unter the site <a href=\"https:\/\/www.stegerbraeu.at\/en\/restaurant-in-radstadt-salzburgerland\/table-reservation-restaurant-gasthaus\/\">Table Reservation<\/a><\/strong><\/li>\n<\/ul>\n<p>[\/vc_column_text][\/vc_tta_section][\/vc_tta_accordion][\/vc_column][vc_column width=&#8221;1\/3&#8243;][vc_row_inner][vc_column_inner]<div tabindex=\"0\" class=\"ult-new-ib ult-ib-effect-style15 grid-abstand-unten ult-ib-resp  \" data-min-width=\"768\" data-max-width=\"900\" style=\"\" data-opacity=\"1\" data-hover-opacity=\"1\" ><img decoding=\"async\" class=\"ult-new-ib-img\" style=\"opacity:1;\" alt=\"null\" src=\"https:\/\/www.stegerbraeu.at\/wp-content\/uploads\/essens-stop-busse-gruppen-2.jpg\"   \/><div id=\"interactive-banner-wrap-2157\" class=\"ult-new-ib-desc\" style=\"\"><h2 class=\"ult-new-ib-title ult-responsive\"  data-ultimate-target='#interactive-banner-wrap-2157 .ult-new-ib-title'  data-responsive-json-new='{\"font-size\":\"\",\"line-height\":\"\"}'  style=\"font-weight:normal;\">Food stop for bus tours<\/h2><\/div><a class=\"ult-new-ib-link\" href=\"https:\/\/www.stegerbraeu.at\/en\/restaurant-in-radstadt-salzburgerland\/restaurant-for-groups-in-radstadt\/\"  ><\/a><\/div>[\/vc_column_inner][\/vc_row_inner][vc_tta_accordion active_section=&#8221;99&#8243; collapsible_all=&#8221;true&#8221;][vc_tta_section title=&#8221;Offer for groups&#8221; tab_id=&#8221;1624218982928-6b24b600-7451&#8243;][vc_column_text]<\/p>\n<ul>\n<li>we are happy to welcome you anytime with your group for a culinary stop<\/li>\n<li>choice of dishes from the bus card or on request special menus<\/li>\n<li>if your scheduling allows, you can also choose from the big menu<\/li>\n<li>on request also breakfast or stop for a snack, coffee or cake<\/li>\n<\/ul>\n<p>In order to guarantee a fast service and a perfect procedure, we would like to send you the bus card in advance. Simply pick out the guests on the way and tell us the dishes by phone before your arrival.[\/vc_column_text][\/vc_tta_section][\/vc_tta_accordion][\/vc_column][\/vc_row][vc_row][vc_column][vc_column_text]<span class=\"button-block\"><a href=\"https:\/\/www.stegerbraeu.at\/en\/restaurant-in-radstadt-salzburgerland\/menu-restaurant-gasthaus-2\/\" rel=\"noopener\">menu<\/a><\/span>[\/vc_column_text][\/vc_column][\/vc_row][vc_row][vc_column width=&#8221;1\/2&#8243;][vc_tta_accordion active_section=&#8221;99&#8243; collapsible_all=&#8221;true&#8221; title=&#8221;for house-guests&#8221;][vc_tta_section title=&#8221;Catering options&#8221; tab_id=&#8221;1624220156425-2f461608-3135&#8243;][vc_column_text css=&#8221;&#8221;]Breakfast is always included in the room rate and served daily from 7.00am\u00a0 to 10:30am in Julie&#8217;s Breakfast Restaurant. For your further catering, when the a-la-carte restaurant is open, you can choose to either<\/p>\n<ul>\n<li><strong>eat a-la-carte and choose out of the extensive menu.\u00a0<\/strong>We offer warm kitchen throughout the day and you pay as you go.<\/li>\n<li>from a 2 nights stay, you can also\u00a0<strong>opt in for our board-offer &#8220;My Menu&#8221;:\u00a0<\/strong><strong> a 4-course menu at a fixed price.\u00a0<\/strong>\u00a0You can book My Menu on a daily basis and choose whether you wish to have your menu for lunch or dinner. The registration for it can be easily done right at the hotel, the evening before or latest in the morning of the respective day.<\/li>\n<\/ul>\n<p>If our restaurant is closed for a day of rest, you always have an alternative dining option, right in the centre.[\/vc_column_text][\/vc_tta_section][vc_tta_section title=&#8221;Christmas Eve&#8221; tab_id=&#8221;1624220156476-014b3fc7-7a96&#8243;][vc_column_text]On Christmas Eve we offer a-la-carte an FESTIVE EVENING MENU in our Br\u00e4usaal to a fixed price.<\/p>\n<p>The restaurants are closed during the day and open from 5pm<\/p>\n<p><strong>When having booked our <a href=\"https:\/\/www.stegerbraeu.at\/en\/hotel-radstadt\/packages-salzburg-austria-2-2\/\" target=\"_blank\" rel=\"noopener\">CHRISTMAS-PACKAGE,<\/a> the festive dinner as well as a nice program is included in the package:\u00a0<\/strong><\/p>\n<ul>\n<li>5:30pm Christmas mulled wine (for the small guest children&#8217;s punch) on the garden terrace with fireplace<\/li>\n<li>Afterwards around 6pm we ask you to the festive table<\/li>\n<li>The festive dinner includes 2 soups, starters and salads from the buffet. The main course (2 dishes to choose) is served at the table. The sweet end you can take form our dessert buffet. For the younger guests, we also offer children&#8217;s meals on request.<\/li>\n<li>After dinner, family Stiegler wishes you a Merry Christmas<\/li>\n<li>The Br\u00e4usaal with decorated Christmas tree, is also available after dinner for a cozy evening<\/li>\n<\/ul>\n<p>[\/vc_column_text][\/vc_tta_section][vc_tta_section title=&#8221;New Years Eve&#8221; tab_id=&#8221;1624220748546-e16ad5a6-9975&#8243;][vc_column_text]<\/p>\n<ul>\n<li>When celebrating the New Years Evening with us &#8211; we invite you to a glass of prosecco to start into the evening<\/li>\n<li>we offer a-la-carte kitchen to\u00a0choose from the menu.<\/li>\n<li>Midnight: who wants to meet us on the garden terrace in the inn to welcome the new year<\/li>\n<li>Shortly after midnight we invite you to the traditional goulash soup<\/li>\n<li>In the bar area can be celebrated until the early morning hours<\/li>\n<li>there will also be a New Years Party right at the city square &#8211; just some steps from the hotel<\/li>\n<\/ul>\n<p>[\/vc_column_text][\/vc_tta_section][vc_tta_section title=&#8221;Food intolerances&#8221; tab_id=&#8221;1624221026237-148d3998-480a&#8221;][vc_column_text]We are happy to try to take account of various diets (for example gluten-free, lactose-free). We ask you to inform us in advance about special requests, so that we can discuss details with you and clarify the possibilities.[\/vc_column_text][\/vc_tta_section][\/vc_tta_accordion][\/vc_column][vc_column width=&#8221;1\/2&#8243;][vc_tta_accordion active_section=&#8221;99&#8243; collapsible_all=&#8221;true&#8221; title=&#8221;Celebrations&#8221;][vc_tta_section title=&#8221;Advent and Christmas celebrations&#8221; tab_id=&#8221;1624220176062-eaaa18f8-6f11&#8243;][vc_column_text]The Stegerbr\u00e4u localities with the large &#8220;Br\u00e4usaal&#8221;, cozy &#8220;St\u00fcberl&#8221; and the modern caf\u00e9 and bar area provide the right setting for festivities and celebrations on every occasion.<\/p>\n<ul>\n<li>we are happy to arrange special menus for you<\/li>\n<li>an extensive wine assortment ensures the right drop as menu accompaniment &#8211; host Christian will gladly advise you<\/li>\n<\/ul>\n<p>[\/vc_column_text][\/vc_tta_section][vc_tta_section title=&#8221;Christmas Eve with festive menu&#8221; tab_id=&#8221;1624220176100-73c9a710-dd5f&#8221;][vc_column_text]<\/p>\n<ul>\n<li>On Christmas Evening we spoil you with in our \u00e0 la carte restaurant with a <strong>festive menu for a fixed price<\/strong>. For the little guests optional children&#8217;s meals<\/li>\n<li>A table reservation for the Christmas Eve is essential. We kindly ask you to sit down on your reserved table until 6pm (our kitchen closes at 8pm on Christmas Eve). A cozy end to the meal is of course possible.<\/li>\n<\/ul>\n<p>The festive menu will be announced always some weeks before Christmas and can be sent on request. The menu consists 2 soups as well as appetizers and salads from the buffet, 2 main dishes to choose, which we serve to the festive table and for the sweet end, choose your dessert from the buffet. For the younger guests there is also a choice of 2-3 children&#8217;s meals.[\/vc_column_text][\/vc_tta_section][vc_tta_section title=&#8221;New Years Eve&#8221; tab_id=&#8221;1624221245267-5ddc2055-14f5&#8243;][vc_column_text]At the turn of the year, on the 31st of December, our restaurants are open in the inn<\/p>\n<ul>\n<li>kitchen is open from 11am until 9pm &#8211; \u00e0 la carte dishes<\/li>\n<li>reservations recommended for New Year&#8217;s Eve<\/li>\n<\/ul>\n<p>The New Year we traditionally welcome in the Stegerbr\u00e4u with a small firework on the garden terrace. Shortly after midnight, we invite you to a snack with goulash soup and in the bar area can be celebrated until the early morning hours.[\/vc_column_text][\/vc_tta_section][vc_tta_section title=&#8221;Marriage in the Stegerbr\u00e4u&#8221; tab_id=&#8221;1624221325433-99509d72-58ab&#8221;][vc_column_text]We are happy to arrange your wedding celebration with us in the Stegerbr\u00e4u and adapt to your individual wishes. Dates available on request. Contact us for a consultation and a personal meeting to discuss the details together.[\/vc_column_text][\/vc_tta_section][\/vc_tta_accordion][\/vc_column][\/vc_row]<\/p>\n<\/div>","protected":false},"excerpt":{"rendered":"<p>[vc_row][vc_column][vc_column_text] Opening hours restaurant &amp; hotel Stegerbr\u00e4u for your holiday and restaurant visit in Radstadt [\/vc_column_text][vc_column_text]In our 3 star Hotel<span class=\"ellipsis\">&hellip;<\/span> <a href=\"https:\/\/www.stegerbraeu.at\/en\/contact\/opening-hours-restaurant-hotel\/\"><\/p>\n<div class=\"read-more\">Read more &#8250;<\/div>\n<p><\/a><\/p>\n","protected":false},"author":2,"featured_media":9631,"parent":2652,"menu_order":7,"comment_status":"closed","ping_status":"closed","template":"","meta":{"_acf_changed":false,"footnotes":""},"class_list":["post-8578","page","type-page","status-publish","has-post-thumbnail","hentry"],"acf":[],"_links":{"self":[{"href":"https:\/\/www.stegerbraeu.at\/en\/wp-json\/wp\/v2\/pages\/8578","targetHints":{"allow":["GET"]}}],"collection":[{"href":"https:\/\/www.stegerbraeu.at\/en\/wp-json\/wp\/v2\/pages"}],"about":[{"href":"https:\/\/www.stegerbraeu.at\/en\/wp-json\/wp\/v2\/types\/page"}],"author":[{"embeddable":true,"href":"https:\/\/www.stegerbraeu.at\/en\/wp-json\/wp\/v2\/users\/2"}],"replies":[{"embeddable":true,"href":"https:\/\/www.stegerbraeu.at\/en\/wp-json\/wp\/v2\/comments?post=8578"}],"version-history":[{"count":10,"href":"https:\/\/www.stegerbraeu.at\/en\/wp-json\/wp\/v2\/pages\/8578\/revisions"}],"predecessor-version":[{"id":9634,"href":"https:\/\/www.stegerbraeu.at\/en\/wp-json\/wp\/v2\/pages\/8578\/revisions\/9634"}],"up":[{"embeddable":true,"href":"https:\/\/www.stegerbraeu.at\/en\/wp-json\/wp\/v2\/pages\/2652"}],"wp:featuredmedia":[{"embeddable":true,"href":"https:\/\/www.stegerbraeu.at\/en\/wp-json\/wp\/v2\/media\/9631"}],"wp:attachment":[{"href":"https:\/\/www.stegerbraeu.at\/en\/wp-json\/wp\/v2\/media?parent=8578"}],"curies":[{"name":"wp","href":"https:\/\/api.w.org\/{rel}","templated":true}]}}