{"id":2640,"date":"2015-09-29T15:50:08","date_gmt":"2015-09-29T13:50:08","guid":{"rendered":"http:\/\/www.stegerbraeu.at\/en\/winterpreise-verfuegbarkeit\/"},"modified":"2026-03-22T23:06:26","modified_gmt":"2026-03-22T22:06:26","slug":"prices-and-free-rooms","status":"publish","type":"page","link":"https:\/\/www.stegerbraeu.at\/en\/hotel-radstadt\/prices-and-free-rooms\/","title":{"rendered":"Prices and free rooms"},"content":{"rendered":"<div class=\"wpb-content-wrapper\"><p>[vc_row][vc_column][vc_column_text]<\/p>\n<h1>Prices &amp; Free Rooms<\/h1>\n<h2>Rates and Offers for your holiday in Radstadt at Hotel Stegerbr\u00e4u<\/h2>\n<p>[\/vc_column_text][\/vc_column][\/vc_row][vc_row][vc_column][vc_column_text css=&#8221;&#8221;]Our prices depend on the length of stay, the holiday period and the occupancy of the room and always include our <a href=\"https:\/\/www.stegerbraeu.at\/en\/hotel-radstadt\/dining-options\/\">breakfast-board<\/a> For multiple occupancy in our triple and quadruple rooms as well as in the family room, our reduced fixed price is charged for the 3rd and 4th guest in the room, depending on age.<\/p>\n<p>In order to be able to adapt our prices to the respective season, demand situation or short-term promotions for our guests, the current room prices and offers can be called up directly in our price calculator, including information on availability.<\/p>\n<p>You already know a holiday period? Then use our price calculator on our booking site. Simply enter your travel period and occupancy and you will be shown available rooms and total holiday price. Furthermore you can see immediately if there is a <a href=\"https:\/\/www.stegerbraeu.at\/en\/hotel-radstadt\/packages-salzburg-austria-2-2\/\">special offer<\/a> for your date.[\/vc_column_text][vc_column_text][\/vc_column_text][vc_row_inner][vc_column_inner width=&#8221;1\/2&#8243;]<div tabindex=\"0\" class=\"ult-new-ib ult-ib-effect-style15 grid-abstand-unten ult-ib-resp  \" data-min-width=\"768\" data-max-width=\"900\" style=\"\" data-opacity=\"1\" data-hover-opacity=\"1\" ><img decoding=\"async\" class=\"ult-new-ib-img\" style=\"opacity:1;\" alt=\"Wohnen in gem\u00fctlichen Zimmern im Hotel Stegerbr\u00e4u Radstadt - Online buchen\" src=\"https:\/\/www.stegerbraeu.at\/wp-content\/uploads\/wohnen-im-stegerbraeu-hotel-radstadt-online-buchen.jpg\"   \/><div id=\"interactive-banner-wrap-1287\" class=\"ult-new-ib-desc\" style=\"\"><h2 class=\"ult-new-ib-title ult-responsive\"  data-ultimate-target='#interactive-banner-wrap-1287 .ult-new-ib-title'  data-responsive-json-new='{\"font-size\":\"\",\"line-height\":\"\"}'  style=\"font-weight:normal;\">Online Booking - Price Calculator<\/h2><\/div><a class=\"ult-new-ib-link\" href=\"https:\/\/www.stegerbraeu.at\/en\/hotel-radstadt\/3-star-hotel-radstadt-2\/best-price-booking\/\" target=\"_blank\" rel=\"noopener\"  ><\/a><\/div>[\/vc_column_inner][vc_column_inner width=&#8221;1\/2&#8243;]<div tabindex=\"0\" class=\"ult-new-ib ult-ib-effect-style15 grid-abstand-unten ult-ib-resp  \" data-min-width=\"768\" data-max-width=\"900\" style=\"\" data-opacity=\"1\" data-hover-opacity=\"1\" ><img decoding=\"async\" class=\"ult-new-ib-img\" style=\"opacity:1;\" alt=\"Fr\u00fchst\u00fccksbereich im Julie&#039;s mit Holztischen, gem\u00fctlichen Sesseln und Fensterfront mit Blick auf Terrasse \" src=\"https:\/\/www.stegerbraeu.at\/wp-content\/uploads\/Julies-Fruehstuecks-Restaurant\u00a9Hotel-Stegerbraeu-Radstadt-Ec.jpg\"   \/><div id=\"interactive-banner-wrap-4548\" class=\"ult-new-ib-desc\" style=\"\"><h2 class=\"ult-new-ib-title ult-responsive\"  data-ultimate-target='#interactive-banner-wrap-4548 .ult-new-ib-title'  data-responsive-json-new='{\"font-size\":\"\",\"line-height\":\"\"}'  style=\"font-weight:normal;\">Your dining options<\/h2><\/div><a class=\"ult-new-ib-link\" href=\"https:\/\/www.stegerbraeu.at\/en\/hotel-radstadt\/dining-options\/\"  ><\/a><\/div>[\/vc_column_inner][\/vc_row_inner][\/vc_column][\/vc_row][vc_row full_width=&#8221;stretch_row&#8221; bg_type=&#8221;image&#8221; parallax_style=&#8221;vcpb-default&#8221; bg_image_new=&#8221;89|https:\/\/www.stegerbraeu.at\/wp-content\/uploads\/hintergrund1.jpg&#8221; bg_image_size=&#8221;initial&#8221; el_class=&#8221;hintergrund&#8221;][vc_column][vc_column_text]<\/p>\n<h2 style=\"text-align: left;\">Children rates \/ reduced prices for 3<sup>rd<\/sup> and 4<sup>th<\/sup>\u00a0bed<\/h2>\n<p>[\/vc_column_text]<span id=\"tablepress-44-description\" class=\"tablepress-table-description tablepress-table-description-id-44\">The fixed rates for 3rd\/4th guest are valid when at least 2 full paying persons in room. Children up to 4 years are for free. For the smallest ones, we can provide a cot bed for free, on request.  For our special package-offers apply the children package rates.<br \/>\nMY MENU as half-board option, can be booked from a 2 night stay and then on a daily basis, always when the restaurant is open. <\/span>\n\n<table id=\"tablepress-44\" class=\"tablepress tablepress-id-44 tablepress-responsive\" aria-describedby=\"tablepress-44-description\">\n<thead>\n<tr class=\"row-1\">\n\t<th class=\"column-1\">3rd and 4th bed<br \/>\nin more-bed rooms<\/th><th class=\"column-2\">per day\/ per person<br \/>\nuntil 31.10.2026<\/th><th class=\"column-3\">per day\/per person<br \/>\nfrom 01.11.2026<\/th><th class=\"column-4\">surcharge My Menu <br \/>\nper day, until 31.10.26<\/th><th class=\"column-5\">surcharge My Menu<br \/>\nper day, from 01.11.26<\/th>\n<\/tr>\n<\/thead>\n<tbody class=\"row-striping\">\n<tr class=\"row-2\">\n\t<td class=\"column-1\">child 5 -10 years<\/td><td class=\"column-2\">\u20ac 32<br \/>\n<\/td><td class=\"column-3\">\u20ac 34<br \/>\n<\/td><td class=\"column-4\">\u20ac  17<\/td><td class=\"column-5\">\u20ac 20<\/td>\n<\/tr>\n<tr class=\"row-3\">\n\t<td class=\"column-1\">child 11 - 14 years<\/td><td class=\"column-2\">\u20ac 40<\/td><td class=\"column-3\">\u20ac 42<\/td><td class=\"column-4\">\u20ac 17<\/td><td class=\"column-5\">\u20ac 20<\/td>\n<\/tr>\n<tr class=\"row-4\">\n\t<td class=\"column-1\">youth 15-18 years<\/td><td class=\"column-2\">\u20ac 47 <br \/>\n<\/td><td class=\"column-3\">49<\/td><td class=\"column-4\">\u20ac 29<\/td><td class=\"column-5\">\u20ac 33<\/td>\n<\/tr>\n<tr class=\"row-5\">\n\t<td class=\"column-1\">adult from 19 years<\/td><td class=\"column-2\">\u20ac 56 - \u20ac 66<br \/>\n<\/td><td class=\"column-3\">\u20ac 58 - \u20ac 68<\/td><td class=\"column-4\">\u20ac 29<\/td><td class=\"column-5\">\u20ac 33<\/td>\n<\/tr>\n<\/tbody>\n<\/table>\n<!-- #tablepress-44 from cache -->[vc_row_inner][vc_column_inner width=&#8221;1\/2&#8243;][vc_toggle title=&#8221;Room information &#8211; occupancy&#8221;]<strong>Rooms:\u00a0<\/strong><\/p>\n<p>Look forward to a cosy living. All rooms offer a bathroom with shower (partly bathtube)\/WC, hairdryer, shower gel, cable-TV with flat-screen, wardrobe, safe, card locking system. Our rooms are individually different in the furnishing style and may differ in terms of style, location or arrangement.<\/p>\n<p><strong>Rooms 2-4 persons:\u00a0<\/strong><\/p>\n<p>For multi-bed occupancy, we offer triple and quadruple rooms, each with a double bed. The triple rooms also have an extra 3rd bed or sofa bed. The for-bed rooms have an extra pull-out double sofa bed or bunk bed (suitable for 1 adult or 2 children.)<\/p>\n<p><strong>Family Room for 3 to 4 persons:\u00a0<\/strong>one big double room and one extra room with two single beds -(access via the bedroom &#8211; separated by a coated glass sliding door), one common bath-room with shower\/WC[\/vc_toggle][\/vc_column_inner][vc_column_inner width=&#8221;1\/2&#8243;][vc_toggle title=&#8221;Additional price information&#8221; css=&#8221;&#8221;]After entering the travel period and the desired occupancy, our <a href=\"https:\/\/booking.stegerbraeu.at?skd-language-code=en\" target=\"_blank\" rel=\"noopener\">price calculator<\/a> will show you the currently available rooms including the price. You can easily select an offer and, if desired, then book directly online.<\/p>\n<p>The prices shown do not include the visitors tax.<\/p>\n<ul>\n<li><strong>Visitors\u00a0 tax:<\/strong> \u00a0the overnight stay tax (not included in the room price) has been extended to include a mobility contribution and amounts to \u20ac 2.40 until 31.05.2026 and \u20ac 3,40 from 01.06.2026 per person and night from the age of 15. With your guest card, you can enjoy many benefits and with the guest mobility ticket &#8211; free travel on all public transport in the province of Salzburg, from arrival and for the duration of your stay.<\/li>\n<li><strong>Dogs:\u00a0<\/strong>only on request and prior registration:\u00a0 Fee: \u20ac 15,00 per dog per day. <strong>Please note<\/strong>: there are only a view rooms suited for dogs available.<\/li>\n<\/ul>\n<p>Changes and errors excepted![\/vc_toggle][\/vc_column_inner][\/vc_row_inner][\/vc_column][\/vc_row][vc_row][vc_column][vc_column_text]<\/p>\n<h2 style=\"text-align: left;\">SPECIAL PACKAGES &amp; OFFERS for your Radstadt Holiday<\/h2>\n<p>[\/vc_column_text][vc_row_inner][vc_column_inner width=&#8221;1\/3&#8243;][vc_empty_space][vc_column_text]Discover all our holiday packages and special deals at any time of year and benefit from discounted rates on specific dates or for weekly bookings. For Stoneman Taurista adventurers and golf holidaymakers, there is extra information below.[\/vc_column_text][\/vc_column_inner][vc_column_inner width=&#8221;1\/3&#8243;]<div tabindex=\"0\" class=\"ult-new-ib ult-ib-effect-style15 grid-abstand-unten ult-ib-resp  \" data-min-width=\"768\" data-max-width=\"900\" style=\"\" data-opacity=\"1\" data-hover-opacity=\"1\" ><img decoding=\"async\" class=\"ult-new-ib-img\" style=\"opacity:1;\" alt=\"null\" src=\"https:\/\/www.stegerbraeu.at\/wp-content\/uploads\/skifahren-flachau-ski-amade-1.jpg\"   \/><div id=\"interactive-banner-wrap-8407\" class=\"ult-new-ib-desc\" style=\"\"><h2 class=\"ult-new-ib-title ult-responsive\"  data-ultimate-target='#interactive-banner-wrap-8407 .ult-new-ib-title'  data-responsive-json-new='{\"font-size\":\"\",\"line-height\":\"\"}'  style=\"font-weight:normal;\">All Package Deals<\/h2><\/div><a class=\"ult-new-ib-link\" href=\"https:\/\/www.stegerbraeu.at\/en\/hotel-radstadt\/packages-salzburg-austria-2-2\/\"><\/a><\/div>[\/vc_column_inner][vc_column_inner width=&#8221;1\/3&#8243;][vc_empty_space][vc_column_text]We will be happy to create your individual holiday offer on request. Send us therefore a <a href=\"https:\/\/www.stegerbraeu.at\/en\/enquiry\/\">non-binding enquiry<\/a> and please let us know your wishes, number of adults and children with ages so that we can put together the right offer for you.[\/vc_column_text][\/vc_column_inner][\/vc_row_inner][vc_row_inner][vc_column_inner width=&#8221;1\/2&#8243;]<div tabindex=\"0\" class=\"ult-new-ib ult-ib-effect-style15 grid-abstand-unten ult-ib-resp  \" data-min-width=\"768\" data-max-width=\"900\" style=\"\" data-opacity=\"1\" data-hover-opacity=\"1\" ><img decoding=\"async\" class=\"ult-new-ib-img\" style=\"opacity:1;\" alt=\"Mountainbiker auf dem Stoneman Taurista Trail entlang der herausfordernden Tauernpass-\u00dcberquerung\" src=\"https:\/\/www.stegerbraeu.at\/wp-content\/uploads\/stoneman-taurista-pauschale_3647-c.jpg\"   \/><div id=\"interactive-banner-wrap-9571\" class=\"ult-new-ib-desc\" style=\"\"><h2 class=\"ult-new-ib-title ult-responsive\"  data-ultimate-target='#interactive-banner-wrap-9571 .ult-new-ib-title'  data-responsive-json-new='{\"font-size\":\"\",\"line-height\":\"\"}'  style=\"font-weight:normal;\">Stoneman Offers<\/h2><\/div><a class=\"ult-new-ib-link\" href=\"https:\/\/www.stegerbraeu.at\/en\/hotel-radstadt\/stoneman-offers-and-lodging\/\"><\/a><\/div>[\/vc_column_inner][vc_column_inner width=&#8221;1\/2&#8243;]<div tabindex=\"0\" class=\"ult-new-ib ult-ib-effect-style15 grid-abstand-unten ult-ib-resp  \" data-min-width=\"768\" data-max-width=\"900\" style=\"\" data-opacity=\"1\" data-hover-opacity=\"1\" ><img decoding=\"async\" class=\"ult-new-ib-img\" style=\"opacity:1;\" alt=\"null\" src=\"https:\/\/www.stegerbraeu.at\/wp-content\/uploads\/Golfclub_Radstadt_4088C2A9Golf_Alpin__Markus_Berger_28329-5.jpg\"   \/><div id=\"interactive-banner-wrap-9698\" class=\"ult-new-ib-desc\" style=\"\"><h2 class=\"ult-new-ib-title ult-responsive\"  data-ultimate-target='#interactive-banner-wrap-9698 .ult-new-ib-title'  data-responsive-json-new='{\"font-size\":\"\",\"line-height\":\"\"}'  style=\"font-weight:normal;\">Golf Offers<\/h2><\/div><a class=\"ult-new-ib-link\" href=\"https:\/\/www.stegerbraeu.at\/en\/hotel-radstadt\/golf-holidays-in-radstadt-offers-and-lodging\/\"><\/a><\/div>[\/vc_column_inner][\/vc_row_inner][vc_column_text]<span class=\"button-block\"><a href=\"https:\/\/www.stegerbraeu.at\/en\/hotel-radstadt\/dining-options\/\">What are your catering options at Hotel Stegerbraeu<\/a><\/span>[\/vc_column_text][\/vc_column][\/vc_row][vc_row][vc_column width=&#8221;1\/2&#8243;][vc_column_text]<span class=\"button-block\"><a href=\"https:\/\/www.stegerbraeu.at\/en\/hotel-radstadt\/rooms-radstadt\/\" target=\"_blank\" rel=\"noopener\">Rooms<\/a><\/span>[\/vc_column_text][\/vc_column][vc_column width=&#8221;1\/2&#8243;][vc_column_text]<span class=\"button-block\"><a href=\"https:\/\/www.stegerbraeu.at\/en\/enquiry\/\">Enquiry<\/a><\/span>[\/vc_column_text][\/vc_column][\/vc_row]<\/p>\n<\/div>","protected":false},"excerpt":{"rendered":"<p>[vc_row][vc_column][vc_column_text] Prices &amp; Free Rooms Rates and Offers for your holiday in Radstadt at Hotel Stegerbr\u00e4u [\/vc_column_text][\/vc_column][\/vc_row][vc_row][vc_column][vc_column_text css=&#8221;&#8221;]Our prices depend<span class=\"ellipsis\">&hellip;<\/span> <a href=\"https:\/\/www.stegerbraeu.at\/en\/hotel-radstadt\/prices-and-free-rooms\/\"><\/p>\n<div class=\"read-more\">Read more &#8250;<\/div>\n<p><\/a><\/p>\n","protected":false},"author":1,"featured_media":14956,"parent":2656,"menu_order":2,"comment_status":"closed","ping_status":"closed","template":"","meta":{"_acf_changed":false,"footnotes":""},"class_list":["post-2640","page","type-page","status-publish","has-post-thumbnail","hentry"],"acf":[],"_links":{"self":[{"href":"https:\/\/www.stegerbraeu.at\/en\/wp-json\/wp\/v2\/pages\/2640","targetHints":{"allow":["GET"]}}],"collection":[{"href":"https:\/\/www.stegerbraeu.at\/en\/wp-json\/wp\/v2\/pages"}],"about":[{"href":"https:\/\/www.stegerbraeu.at\/en\/wp-json\/wp\/v2\/types\/page"}],"author":[{"embeddable":true,"href":"https:\/\/www.stegerbraeu.at\/en\/wp-json\/wp\/v2\/users\/1"}],"replies":[{"embeddable":true,"href":"https:\/\/www.stegerbraeu.at\/en\/wp-json\/wp\/v2\/comments?post=2640"}],"version-history":[{"count":10,"href":"https:\/\/www.stegerbraeu.at\/en\/wp-json\/wp\/v2\/pages\/2640\/revisions"}],"predecessor-version":[{"id":35038,"href":"https:\/\/www.stegerbraeu.at\/en\/wp-json\/wp\/v2\/pages\/2640\/revisions\/35038"}],"up":[{"embeddable":true,"href":"https:\/\/www.stegerbraeu.at\/en\/wp-json\/wp\/v2\/pages\/2656"}],"wp:featuredmedia":[{"embeddable":true,"href":"https:\/\/www.stegerbraeu.at\/en\/wp-json\/wp\/v2\/media\/14956"}],"wp:attachment":[{"href":"https:\/\/www.stegerbraeu.at\/en\/wp-json\/wp\/v2\/media?parent=2640"}],"curies":[{"name":"wp","href":"https:\/\/api.w.org\/{rel}","templated":true}]}}