{"id":2615,"date":"2015-09-29T16:36:29","date_gmt":"2015-09-29T14:36:29","guid":{"rendered":"http:\/\/www.stegerbraeu.at\/en\/wandern-radstadt\/"},"modified":"2025-05-25T23:11:22","modified_gmt":"2025-05-25T21:11:22","slug":"hiking-holiday-hiking-in-radstadt","status":"publish","type":"page","link":"https:\/\/www.stegerbraeu.at\/en\/holiday-region-radstadt-salzburgerland\/hiking-holiday-hiking-in-radstadt\/","title":{"rendered":"Hiking Holiday,  Hiking in Radstadt"},"content":{"rendered":"<div class=\"wpb-content-wrapper\"><p>[vc_row][vc_column][vc_column_text]<\/p>\n<h1>Hiking Holiday in Radstadt<\/h1>\n<h2>The ideal location for your hiking holiday in Salzburgerland<\/h2>\n<p>[\/vc_column_text][\/vc_column][\/vc_row][vc_row full_width=&#8221;stretch_row_content_no_spaces&#8221;][vc_column][vc_separator][\/vc_column][\/vc_row][vc_row][vc_column][vc_column_text]Whether you wish to see spring awakening, enjoy the warm summer days, or take in the beautiful autumn colours, whatever the season in Salzburgerland, there is always something to enchant you. With the numerous top spots to be discovered while hiking in Radstadt, it is hard to decide on just one favourite spot.[\/vc_column_text][\/vc_column][\/vc_row][vc_row][vc_column width=&#8221;1\/2&#8243;][vc_single_image image=&#8221;522&#8243; img_size=&#8221;medium&#8221; onclick=&#8221;link_image&#8221;][vc_column_text]The <a href=\"https:\/\/www.stegerbraeu.at\/en\/\">Hotel Stegerbr\u00e4u , <\/a>right in the centre of Radstadt, is your ideal home from home for a hiking holiday. The 3 star Hotel is close to countless hiking destinations in the Radstadt Tauern mountains and indeed throughout <a href=\"http:\/\/www.salzburgersportwelt.com\/en\/holiday.html\" target=\"_blank\" rel=\"noopener\">Salzburger Sportworld<\/a>. These regions alone offer 1000 km of signposted trails, idyllic mountain plateaus and easily walkable 2000-metre peaks.[\/vc_column_text][\/vc_column][vc_column width=&#8221;1\/2&#8243;][vc_single_image image=&#8221;523&#8243; img_size=&#8221;medium&#8221; onclick=&#8221;link_image&#8221;][vc_column_text]Take advantage of being so close to the Schladming-Dachstein Region in neighbouring Styria. Look forward to exploring the impressive mountains, high plateaus and summer pastures, with the fresh air recharging your batteries, the enchanting views rebalancing your soul and the charming mountain lakes in their idylic valleys adding to your relaxation.[\/vc_column_text][\/vc_column][\/vc_row][vc_row][vc_column][vc_tta_accordion active_section=&#8221;false&#8221; collapsible_all=&#8221;true&#8221;][vc_tta_section title=&#8221;Hiking holidays for every taste and fitness level&#8221; tab_id=&#8221;1444641725695-df011f6e-d29e&#8221;][vc_column_text]<\/p>\n<h6>Tours for gentle cruisers, families &amp; mountain addicts<\/h6>\n<p>[\/vc_column_text][vc_column_text]Mountaineers love exploring the many summits in this region under their own steam. In Salzburgerland and the Schladming-Dachstein region there are so many routes to choose from, many of which are circuits, ranging from flat valley tours, walks through the foothills and along the ridgelines to routes for experienced mountaineers only. Those who like climbing, will love the high number of via ferrata routes, for every level.[\/vc_column_text][vc_row_inner][vc_column_inner width=&#8221;1\/2&#8243;][vc_single_image image=&#8221;2360&#8243; img_size=&#8221;medium&#8221; onclick=&#8221;link_image&#8221;][vc_column_text]If you are not looking to scale these dizzying heights, there are plenty of paths for families of all ages, following and crossing rivers, up through the forests or through the beautiful summer pastures. If you are here just to relax then take a gentle stroll along the Enns river to one of the huts.[\/vc_column_text][\/vc_column_inner][vc_column_inner width=&#8221;1\/2&#8243;][vc_single_image image=&#8221;10322&#8243; img_size=&#8221;medium&#8221; onclick=&#8221;link_image&#8221;][vc_column_text]Many of the summer farms can be reached by car or you take the <a href=\"https:\/\/www.stegerbraeu.at\/wp-admin\/post.php?post=2615&amp;action=edit&amp;lang=en\">hiking bus<\/a> up to Rossbrand, so everyone gets enjoy the great food, hospitality and views. Don\u2019t forget our wonderful gorges, canyons, waterfalls and mountain lakes that are just waiting for you to discover them.[\/vc_column_text][\/vc_column_inner][\/vc_row_inner][vc_row_inner][vc_column_inner width=&#8221;1\/2&#8243;][vc_column_text]<\/p>\n<h6>Some tips for summit hikes<\/h6>\n<p>[\/vc_column_text][vc_column_text]<\/p>\n<ul>\n<li><strong>Rossbrand<\/strong> at 1,768 m &#8211; Radstadt&#8217;s landmark mountain<\/li>\n<li><strong>Lackenkogel<\/strong> in Altenmarkt &amp; summits in <strong>Zauchensee<\/strong> as well as <strong>Obertauern<\/strong><\/li>\n<li><strong>Canyon trail <\/strong>(Wilde Wasser in Rohrmoos \u2013 Untertal)<\/li>\n<li><strong>Tappenkar Lake<\/strong> in Kleinarl &#8211; Hike up to the highest mounatin lake in the eastern alps<\/li>\n<li><strong>Spirzinger and Spazeck<\/strong><\/li>\n<li>Radstadt is on the Salzburg Alm trail<\/li>\n<\/ul>\n<p>[\/vc_column_text][\/vc_column_inner][vc_column_inner width=&#8221;1\/2&#8243;][vc_column_text]<\/p>\n<h6>Walks for families with kids<\/h6>\n<p>[\/vc_column_text][vc_column_text]<\/p>\n<ul>\n<li><strong>Activity mountains<\/strong>, i.e. Rittisberg in Ramsau, Geisterberg,\u00a0 Wagraini&#8217;s Grafenberg<\/li>\n<li><strong>Alles Alm &#8211; Gnadenalm with the Johannis-Waterfall<\/strong><\/li>\n<li><strong>Themed trails with games &amp; activity stations<br \/>\n<\/strong><\/li>\n<li><strong>B\u00fcrgerbergalm<\/strong> in Radstadt<\/li>\n<li><strong>Hofalmen\u00a0<\/strong>in Filzmoos<\/li>\n<li><strong>KITIWAPF<\/strong> &#8211; kids adventure path in Eben<\/li>\n<\/ul>\n<p>[\/vc_column_text][\/vc_column_inner][\/vc_row_inner][vc_column_text]If you would like to plan some days out on these trails or you are curious about what is on offer then please click on the links below.[\/vc_column_text][vc_row_inner][vc_column_inner width=&#8221;1\/3&#8243;][vc_column_text]<span class=\"button-block\"><a href=\"https:\/\/www.radstadt.com\/en\/holidays\/hiking-salzburg\/hiking-tours-salzburg-countryside\/#cat=Hiking-main,Hiking%20Trail,Long%20Distance%20Hiking,Thematic%20Trail&amp;filter=r-fullyTranslatedLangus-,r-onlyOpened-,sb-sortedBy-0&amp;zc=10,13.55013,47.35525\" rel=\"noopener\" target=\"_blank\">Hiking tours around Radstadt<\/a><\/span>[\/vc_column_text][\/vc_column_inner][vc_column_inner width=&#8221;1\/3&#8243;][vc_column_text]<\/p>\n<p style=\"text-align: justify;\"><span class=\"button-block\"><a href=\"https:\/\/www.salzburgersportwelt.com\/en\/activities\/summer\/themed-routes.html\" target=\"_blank\" rel=\"noopener\">Themed trails in the region<\/a><\/span><\/p>\n<p>[\/vc_column_text][\/vc_column_inner][vc_column_inner width=&#8221;1\/3&#8243;][vc_column_text]<span class=\"button-block\"><a href=\"http:\/\/www.outdooractive.com\/en\/tours\/#zc=12,13.41860,47.38464&amp;cat=Wandern&amp;wt=5550%20Radstadt,%205550%20Radstadt%20Austria\" target=\"_blank\" rel=\"noopener\">Hiking tour planner<\/a><\/span>[\/vc_column_text][\/vc_column_inner][\/vc_row_inner][\/vc_tta_section][vc_tta_section title=&#8221;Hiking Bus Radstadt &amp; Salzburger Sportwelt Bus&#8221; tab_id=&#8221;1444641725909-a519c88c-a193&#8243;][vc_column_text]<\/p>\n<h6>Radstadt&#8217;s hiking bus to Rossbrand Ridge<\/h6>\n<p>[\/vc_column_text][vc_column_text]Visiting our landmark mountain <strong>Rossbrand<\/strong>, at 1,768 m above sea level, should be part of everyone\u2019s holiday in Radstadt especially in summer. The full 360\u2019 panoramic views cover 150 alpine peaks and are very impressive when the weather is clear. For ease of identification, the peaks are marked on information boards. A lovely way to mark your visit is with a break in the <strong>Radst\u00e4dter Hut, <\/strong>which offers home-made cakes, regional dishes and drinks.[\/vc_column_text][vc_row_inner][vc_column_inner width=&#8221;1\/2&#8243;][vc_single_image image=&#8221;25053&#8243; img_size=&#8221;medium&#8221; onclick=&#8221;link_image&#8221;][vc_column_text]From Radstadt, it is a 4 hour walk approx. to the top of Rossbrand.\u00a0If that is too much then the mountain road is suitable for cars, motorbikes or mountainbikes.[\/vc_column_text][\/vc_column_inner][vc_column_inner width=&#8221;1\/2&#8243;][vc_single_image image=&#8221;25055&#8243; img_size=&#8221;medium&#8221; onclick=&#8221;link_image&#8221;][vc_column_text]The more comfortable way is to <strong>&#8220;climb up&#8221; with the Radstadt hiking bus,<\/strong> which takes you to just below the summit. From the parking place, there is only a short walk of about 15-20 minutes up to the summit.[\/vc_column_text][\/vc_column_inner][\/vc_row_inner][vc_column_text]The Radstadt Hiking Bus usually runs from around end of May to mid-October, on Tuesdays and Thursdays, 3 times a day from the post-office to the Rossbrand and back again. From the car park it is then only a 20-minute walk to the Rossbrand plateau. <strong>The best thing about it:\u00a0 free travel with your Guest Mobility Ticket.<\/strong>[\/vc_column_text][vc_column_text]<\/p>\n<h6>Salzburger Sportworld Bus<\/h6>\n<p>[\/vc_column_text][vc_column_text]During the summer months, the Sportwelt Bus runs daily from 1 May to 2 November between the villages of the Salzburg Sporwelt and you can use this service also for free with your Guest Mobility Ticket. From Radstadt, you can access Altenmarkt-Zauchensee, Eben, Filzmoos,\u00a0 Flachau-Flachauwinkl, Wagrain-Kleinarl as well as Untertauern and Obertauern. Ideal for leaving the car behind and going shopping, visiting events in the neighboring towns, going to the <a href=\"https:\/\/www.stegerbraeu.at\/en\/holiday-region-radstadt-salzburgerland\/therme-amade\/\" target=\"_blank\" rel=\"noopener\">Therme Amad\u00e9<\/a> or to reach hiking destinations easily or to be taken to the starting point for further hikes.<\/p>\n<p>Timetables for the Salzburger Sportwelt Bus or Radst\u00e4dter Wanderbus can be found online. The timetable for the Radst\u00e4dter Wanderbus is also shown in the Radstadt holiday guide and available on the pin board at Hotel Stegerbr\u00e4u.<\/p>\n<p><strong>Good to know: <\/strong>dogs are taken along on a leash and with a muzzle.[\/vc_column_text][\/vc_tta_section][vc_tta_section title=&#8221;Summer Pastures &amp; Mountain Huts using the ski lifts&#8221; tab_id=&#8221;1444641967248-c84bb01c-8b22&#8243;][vc_column_text]<\/p>\n<h6>Reaching the heights with the lifts<\/h6>\n<p>[\/vc_column_text][vc_row_inner][vc_column_inner width=&#8221;1\/3&#8243;][vc_single_image image=&#8221;949&#8243; img_size=&#8221;small&#8221; onclick=&#8221;link_image&#8221;][vc_column_text]With <strong>lift-assisted hiking <\/strong>you glide effortlessly up into the high alpine pastures, to a tourist attraction or kid\u2019s <strong>activity mountain<\/strong>. Many paths at the mountain stations are suitable for prams.[\/vc_column_text][\/vc_column_inner][vc_column_inner width=&#8221;1\/3&#8243;][vc_single_image image=&#8221;950&#8243; img_size=&#8221;small&#8221; onclick=&#8221;link_image&#8221;][vc_column_text]Perhaps the mountain station is already your destination: a mountain restaurant, a viewing platform, a suspension bridge, or a scenic lake or a kid\u2019s adventure trail.[\/vc_column_text][\/vc_column_inner][vc_column_inner width=&#8221;1\/3&#8243;][vc_single_image image=&#8221;948&#8243; img_size=&#8221;small&#8221; onclick=&#8221;link_image&#8221;][vc_column_text]Start sporty tours from the mountain station, climb peaks or go on short pleasure hikes. The descent can be made with the lift, a summer toboggan, a mountain cart or even a mountain bike![\/vc_column_text][\/vc_column_inner][\/vc_row_inner][vc_column_text]<\/p>\n<h6>Summer lifts in the 5 Ski Amad\u00e9 regions<\/h6>\n<p>[\/vc_column_text][vc_column_text css=&#8221;.vc_custom_1451861345007{margin-bottom: 20px !important;}&#8221;]The Ski amad\u00e9 lifts are open from late spring to at least mid September in good weather, some even stay open as late as mid October when possible.[\/vc_column_text][vc_row_inner css=&#8221;.vc_custom_1446124647311{margin-bottom: 20px !important;}&#8221;][vc_column_inner width=&#8221;1\/3&#8243;][vc_toggle title=&#8221;Salzburger Sportwelt&#8221; el_id=&#8221;1446195287170-d074656d-9c2f&#8221;]<\/p>\n<ul>\n<li>Grafenbergbahn Wagrain<\/li>\n<li>Alpendorf-Gondelbahn with Geisterberg<\/li>\n<li>Starjet I + II in Flachau<\/li>\n<li>G-Link in Wagrain<\/li>\n<li>Gamskogelbahn-Zauchensee<\/li>\n<li>Grossberg-Vierersesselbahn in Filzmoos<\/li>\n<li>Flying Mozart in Wagrain<\/li>\n<\/ul>\n<p>[\/vc_toggle][vc_toggle title=&#8221;Gro\u00dfarltal&#8221; el_id=&#8221;1446195433393-674ee979-8469&#8243;]<\/p>\n<div class=\"wpb_column vc_column_container vc_col-sm-6\">\n<div class=\"wpb_wrapper\">\n<div class=\"wpb_text_column wpb_content_element \">\n<div class=\"wpb_wrapper\">\n<ul>\n<li>Panoramabahn Gro\u00dfarltal<\/li>\n<\/ul>\n<\/div>\n<\/div>\n<\/div>\n<\/div>\n<div class=\"wpb_column vc_column_container vc_col-sm-6\"><\/div>\n<p>[\/vc_toggle][\/vc_column_inner][vc_column_inner width=&#8221;1\/3&#8243;][vc_toggle title=&#8221;Schladming-Dachstein&#8221; el_id=&#8221;1446195351080-bfc83efb-e69d&#8221;]<\/p>\n<ul>\n<li>Gipfelbahn Hochwurzen<\/li>\n<li>Planai Bahn Schladming<\/li>\n<li>Rittisbergbahn Ramsau<\/li>\n<li>Dachstein Ramsau<\/li>\n<li>Preunegg Jet Reiteralm<\/li>\n<li>Schladminger Tauern Seilbahn<\/li>\n<\/ul>\n<p>[\/vc_toggle][vc_toggle title=&#8221;Hochk\u00f6nig&#8221; el_id=&#8221;1446195452472-687fd0cd-e2d5&#8243;]<\/p>\n<ul>\n<li>Gab\u00fchel Dienten<\/li>\n<li>B\u00fcrglalm Dienten<\/li>\n<li>Dorfjet Natrun Maria Alm<\/li>\n<li>Schwarzeckalmbahn-Hinterthal<\/li>\n<li>Hochmaisbahn Hinterthal<\/li>\n<li>Sommerrodelbahn Biberg<\/li>\n<li>Kabinenbahn Karbachalm<\/li>\n<\/ul>\n<p>[\/vc_toggle][\/vc_column_inner][vc_column_inner width=&#8221;1\/3&#8243;][vc_toggle title=&#8221;Gastein&#8221; el_id=&#8221;1446195385344-2954d55c-e0e6&#8243;]<\/p>\n<ul>\n<li>Schlossalm Gastein<\/li>\n<li>Stubnerkogel Gastein<\/li>\n<li>Graukogel Gastein<\/li>\n<li>Fulseck Dorfgastein<\/li>\n<\/ul>\n<p>[\/vc_toggle][\/vc_column_inner][\/vc_row_inner][vc_separator][vc_column_text]<strong>Find here a\u00a0 few tips for cable car hiking and for family adventures on the mountains around Radstadt.\u00a0 <\/strong>Details of all 26 cable cars in the 5 regions can be found under <a href=\"https:\/\/www.skiamade.com\/summerlifts\" target=\"_blank\" rel=\"noopener\">&#8220;Summer lifts in Ski Amad\u00e9,<\/a> including current operating times and lift ticket prices.<strong><br \/>\n<\/strong>[\/vc_column_text][vc_row_inner][vc_column_inner width=&#8221;1\/3&#8243;][vc_gallery interval=&#8221;3&#8243; images=&#8221;24693,24695&#8243; img_size=&#8221;small&#8221;][\/vc_column_inner][vc_column_inner width=&#8221;2\/3&#8243;][vc_column_text]<a href=\"https:\/\/www.zauchensee.at\/en\/sommer\/hiking-paradise-zauchensee.html\" target=\"_blank\" rel=\"noopener\"><strong>Gamskogel Chairlift in Zauchensee\u00a0<\/strong><\/a><\/p>\n<p>&nbsp;<\/p>\n<ul>\n<li>There is an adventure playground with the Alpine Animal Champion cup as soon as you reach the top of the lift as well as the Gamskogel hut.<\/li>\n<li>The slightly higher Seekarsee can be reached in just 30 minutes on foot.<\/li>\n<li>From the top of the lift, there are further hikes including the 4-summit-tour.<\/li>\n<\/ul>\n<p>[\/vc_column_text][\/vc_column_inner][\/vc_row_inner][vc_row_inner][vc_column_inner width=&#8221;1\/3&#8243;][vc_gallery interval=&#8221;3&#8243; images=&#8221;24703,24705,24701&#8243; img_size=&#8221;small&#8221;][\/vc_column_inner][vc_column_inner width=&#8221;2\/3&#8243;][vc_column_text]<a href=\"https:\/\/www.snow-space.com\/en\/summer\/adventure-mountain\/wagrainis-grafenberg\" target=\"_blank\" rel=\"noopener\"><strong>Wagrainis Grafenberg<\/strong><\/a><\/p>\n<p>&nbsp;<\/p>\n<ul>\n<li>more than 30 adventure statons (paths suitable for prams)<\/li>\n<li>There is water fun at Grafenberg lake<\/li>\n<li>also a bouldering wall, a barefoot path, swings in the forest and so much more<\/li>\n<li>an easy hike is the ascent to the Sonntagskogel.<\/li>\n<\/ul>\n<p>[\/vc_column_text][\/vc_column_inner][\/vc_row_inner][vc_row_inner][vc_column_inner width=&#8221;1\/3&#8243;][vc_gallery interval=&#8221;3&#8243; images=&#8221;24721,24719,24727,24725,24723&#8243; img_size=&#8221;small&#8221;][\/vc_column_inner][vc_column_inner width=&#8221;2\/3&#8243;][vc_column_text]<strong><a href=\"https:\/\/www.tauernlift.at\/en\/summer-schedule\/\" target=\"_blank\" rel=\"noopener\">Lift Assisted Hiking in Obertauern\u00a0<\/a> &#8211; our special tip for midsummer with breathtaking mountain panoramas\u00a0<\/strong>(from July to September)<\/p>\n<p>&nbsp;<\/p>\n<p>The Sportwelt Bus takes you to Obertauern or to reach in 20 minutes by car. The 10-seater gondola takes you up to the alpine pastures and the starting points for beautiful hikes. A highlight is the <strong>Gr\u00fcnwald Lake\u00a0<\/strong>(rowing and pedal boats) or you can continue with the Hochalm 6-seater chairlift to the <strong>Hochsee lake.\u00a0<\/strong>The more adventurous can rent the Mountain Skyver at the base station of the Gr\u00fcnwaldkopf lift and whiz down into the valley. Mountain bikes, prams and dogs are also transported.[\/vc_column_text][\/vc_column_inner][\/vc_row_inner][vc_row_inner][vc_column_inner width=&#8221;1\/3&#8243;][vc_gallery interval=&#8221;3&#8243; images=&#8221;24709,24713,24707,24711&#8243; img_size=&#8221;small&#8221;][\/vc_column_inner][vc_column_inner width=&#8221;2\/3&#8243;][vc_column_text]<strong><a href=\"https:\/\/www.josalzburg.com\/en\/activities\/ghost-mountain.html\" target=\"_blank\" rel=\"noopener\">Family Activity World &#8211; Geisterberg &#8211; Alpendorf Gondola\u00a0<\/a><\/strong><\/p>\n<p>&nbsp;<\/p>\n<ul>\n<li>an exciting day out on and around the <strong>Gernkogel,<\/strong> 1.767 m above sea level, which promises fun for the whole family.<\/li>\n<li>In the ghost village you get to awaken your spooky side at the 40 or so stations.<\/li>\n<li>Safe hiking trails are mostly suitable for prams and lead to water features, climbing towers, swings and slides as well as to the ghost castle.<\/li>\n<\/ul>\n<p>[\/vc_column_text][\/vc_column_inner][\/vc_row_inner][vc_row_inner][vc_column_inner width=&#8221;1\/3&#8243;][vc_gallery interval=&#8221;3&#8243; images=&#8221;24950,24948,24699,24952&#8243; img_size=&#8221;small&#8221; css=&#8221;.vc_custom_1681837026927{margin-top: 10px !important;}&#8221;][\/vc_column_inner][vc_column_inner width=&#8221;2\/3&#8243;][vc_column_text]<a href=\"https:\/\/www.snow-space.com\/de\/sommer\/abenteuerberg\/wanderberg-griessenkar\" target=\"_blank\" rel=\"noopener\"><strong>Hiking Mountain Grie\u00dfenkar &#8211; Summer lifts in Flachau &#8211; Wagrain\u00a0 <\/strong><\/a><\/p>\n<p>&nbsp;<\/p>\n<p>The Grie\u00dfenkar is Flachau&#8217;s local mountain. The <strong>Star Jet<\/strong> 1 and 2 will take you straight up the mountain, depending on where you want to hike.<\/p>\n<ul>\n<li>For real mountain enthusiasts there is a beautiful circular hike that first leads to the <strong>Grie\u00dfenkareck<\/strong> with its great views, then to the <strong>Saukarfunkel (<\/strong>the Flachau mountain of <a href=\"https:\/\/www.stegerbraeu.at\/en\/holiday-region-radstadt-salzburgerland\/summit-game\/\">the Salzburg summit game<\/a>), then on to the<strong> Frauenalm<\/strong> and via the Grie\u00dfenkar alms back to the mountain station.<\/li>\n<li>There is also an easier circular route as well as family-friendly hikes<\/li>\n<li>Children love discovering the <strong>Floris adventure trail\u00a0<\/strong><\/li>\n<\/ul>\n<p>[\/vc_column_text][\/vc_column_inner][\/vc_row_inner][vc_column_text]The\u00a0<strong>Flying Mozart gondola\u00a0<\/strong>is located in Wagrain and also runs in 2 sections to the Grie\u00dfenkareck and the <strong>Kogelalm pasture ara.\u00a0<\/strong>The mountain station is also the starting point for the themed trail to the <strong>Rupert lake<\/strong> and for high-altitude hikes to <strong>Kleinarl<\/strong> via the <strong>Salzburg Almenweg.\u00a0<\/strong><\/p>\n<p>[\/vc_column_text][\/vc_tta_section][vc_tta_section title=&#8221;Radstadt Hiking Service &#8211; guided hike tour&#8221; tab_id=&#8221;1445951827113-b135f341-bec6&#8243;][vc_column_text]<\/p>\n<h6>Discovery walk &amp; guided hike<\/h6>\n<p>[\/vc_column_text][vc_column_text css=&#8221;.vc_custom_1740757101007{margin-bottom: 20px !important;}&#8221;]Radstadt\u2019s guests can enjoy a free guided hike as part of the weekly holiday programme from the tourist office. In the period from the end of June to the beginning of October, a guided hike in Radstadt or the surrounded area is on offer &#8211;\u00a0 once the week. You will always find the weekly programme on the pin-board at the Hotel Stegerbr\u00e4u with information about the kind of hike and all details. You can further sign in for the offered hike directly at Hotel Stegerbr\u00e4u.[\/vc_column_text][\/vc_tta_section][vc_tta_section title=&#8221;The Dachstein Glacier&#8221; tab_id=&#8221;1681831001741-c6d010b5-3323&#8243;][vc_column_text]A visit to the<a href=\"https:\/\/www.derdachstein.at\/en\" target=\"_blank\" rel=\"noopener\"> Dachstein Glacier<\/a> is particularly impressive &#8211; a natural paradise far away from everyday life, surrounded by the rugged cliffs of the Dachstein massif.[\/vc_column_text][vc_row_inner][vc_column_inner width=&#8221;1\/2&#8243;][vc_gallery interval=&#8221;3&#8243; images=&#8221;24995,24993&#8243; img_size=&#8221;medium&#8221;][\/vc_column_inner][vc_column_inner width=&#8221;1\/2&#8243;][vc_column_text]A really special day out is a visit to the <a href=\"https:\/\/www.derdachstein.at\/en\" target=\"_blank\" rel=\"noopener\"><strong>Dachstein Glacier<\/strong>\u2013<\/a> a natural paradise that is far from the daily grind, surrounded by the rocky peaks of the Dachstein Massif. Even the ride up there on the Dachstein-Panorama gondola is a treat.<\/p>\n<p>High above the clouds, you will find plenty to keep young and old amused with <strong>Dachstein suspension bridge<\/strong>, the <strong>Sky Walk,<\/strong> the <strong>Ice Palace<\/strong> or <strong>the Stairway to Nowhere. <\/strong><\/p>\n<p>For\u00a0breathtaking views and a real adrenaline rush, try one of the hiking tours, via-ferrata routes or attractive mountain climbing areas, all accessible from the top station at 2,700 m.<\/p>\n<p>[\/vc_column_text][\/vc_column_inner][\/vc_row_inner][vc_column_text css=&#8221;&#8221;]<strong>Good to know:<\/strong> during the summer months, a <a href=\"https:\/\/www.derdachstein.at\/en\/visitor-planner\/ticket-shop\" target=\"_blank\" rel=\"noopener\">reservation for a gondola ride<\/a> is required to visit the Dachstein Glacier.\u00a0 It is also recommended purchasing tickets online.\u00a0 Access to the glacier is via a toll road. Then simply validate the gondola ticket before exiting, and you won&#8217;t pay a toll. <strong>In summer 2023, it will be possible to visit the Dachstein until 5 9 &#8211; after that, the renovation work on the mountain station will begin.<\/strong>[\/vc_column_text][\/vc_tta_section][\/vc_tta_accordion][\/vc_column][\/vc_row][vc_row full_width=&#8221;stretch_row&#8221; bg_type=&#8221;image&#8221; parallax_style=&#8221;vcpb-default&#8221; bg_image_new=&#8221;89|https:\/\/www.stegerbraeu.at\/wp-content\/uploads\/hintergrund1.jpg&#8221; bg_image_size=&#8221;initial&#8221; el_class=&#8221;hintergrund&#8221;][vc_column][vc_column_text]<\/p>\n<h4>Your hiking service in the 3 star hotel Stegerbr\u00e4u<\/h4>\n<p>[\/vc_column_text][vc_row_inner][vc_column_inner width=&#8221;1\/3&#8243;][vc_gallery interval=&#8221;3&#8243; images=&#8221;1038&#8243; img_size=&#8221;small&#8221;][\/vc_column_inner][vc_column_inner width=&#8221;2\/3&#8243;][vc_column_text]So that you find choosing your ideal holiday activities easier from the wide range on offer, the Stegerbr\u00e4u Team have plenty of <strong>tips<\/strong>, <strong>hiking recommendations <\/strong>and <strong>brochures <\/strong>available before and during your stay.<\/p>\n<p><strong>Hiking poles <\/strong>are available to borrow for <strong>free <\/strong>(subject to availability). From a stay of at least 2 nights, you can create your own <strong>packed lunch <\/strong>from the breakfast buffet, which is part of the <a href=\"https:\/\/www.stegerbraeu.at\/en\/hotel-radstadt\/dining-options\/\" rel=\"noopener\">Breakfast-Board<\/a>[\/vc_column_text][\/vc_column_inner][\/vc_row_inner][\/vc_column][\/vc_row][vc_row][vc_column][vc_column_text]Are you looking forward to a summer holiday in the mountains? Then send us a <a href=\"https:\/\/www.stegerbraeu.at\/en\/enquiry\/\">non-binding enquiry.<\/a>[\/vc_column_text][\/vc_column][\/vc_row][vc_row][vc_column width=&#8221;1\/2&#8243;][vc_column_text]<span class=\"button-block\"><a href=\"https:\/\/www.stegerbraeu.at\/en\/holiday-region-radstadt-salzburgerland\/summer-holiday-radstadt\/\">Sport &amp; Fun<\/a><\/span>[\/vc_column_text][\/vc_column][vc_column width=&#8221;1\/2&#8243;][vc_column_text]<span class=\"button-block\"><a href=\"https:\/\/www.stegerbraeu.at\/en\/holiday-region-radstadt-salzburgerland\/biking-mountainbiking-radstadt\/\">Biking &amp; Mountainbiking<\/a><\/span>[\/vc_column_text][\/vc_column][\/vc_row]<\/p>\n<\/div>","protected":false},"excerpt":{"rendered":"<p>[vc_row][vc_column][vc_column_text] Hiking Holiday in Radstadt The ideal location for your hiking holiday in Salzburgerland [\/vc_column_text][\/vc_column][\/vc_row][vc_row full_width=&#8221;stretch_row_content_no_spaces&#8221;][vc_column][vc_separator][\/vc_column][\/vc_row][vc_row][vc_column][vc_column_text]Whether you wish to see<span class=\"ellipsis\">&hellip;<\/span> <a href=\"https:\/\/www.stegerbraeu.at\/en\/holiday-region-radstadt-salzburgerland\/hiking-holiday-hiking-in-radstadt\/\"><\/p>\n<div class=\"read-more\">Read more &#8250;<\/div>\n<p><\/a><\/p>\n","protected":false},"author":1,"featured_media":2470,"parent":2654,"menu_order":0,"comment_status":"closed","ping_status":"closed","template":"","meta":{"_acf_changed":false,"footnotes":""},"class_list":["post-2615","page","type-page","status-publish","has-post-thumbnail","hentry"],"acf":[],"_links":{"self":[{"href":"https:\/\/www.stegerbraeu.at\/en\/wp-json\/wp\/v2\/pages\/2615","targetHints":{"allow":["GET"]}}],"collection":[{"href":"https:\/\/www.stegerbraeu.at\/en\/wp-json\/wp\/v2\/pages"}],"about":[{"href":"https:\/\/www.stegerbraeu.at\/en\/wp-json\/wp\/v2\/types\/page"}],"author":[{"embeddable":true,"href":"https:\/\/www.stegerbraeu.at\/en\/wp-json\/wp\/v2\/users\/1"}],"replies":[{"embeddable":true,"href":"https:\/\/www.stegerbraeu.at\/en\/wp-json\/wp\/v2\/comments?post=2615"}],"version-history":[{"count":10,"href":"https:\/\/www.stegerbraeu.at\/en\/wp-json\/wp\/v2\/pages\/2615\/revisions"}],"predecessor-version":[{"id":32994,"href":"https:\/\/www.stegerbraeu.at\/en\/wp-json\/wp\/v2\/pages\/2615\/revisions\/32994"}],"up":[{"embeddable":true,"href":"https:\/\/www.stegerbraeu.at\/en\/wp-json\/wp\/v2\/pages\/2654"}],"wp:featuredmedia":[{"embeddable":true,"href":"https:\/\/www.stegerbraeu.at\/en\/wp-json\/wp\/v2\/media\/2470"}],"wp:attachment":[{"href":"https:\/\/www.stegerbraeu.at\/en\/wp-json\/wp\/v2\/media?parent=2615"}],"curies":[{"name":"wp","href":"https:\/\/api.w.org\/{rel}","templated":true}]}}