{"id":19895,"date":"2021-11-29T21:04:25","date_gmt":"2021-11-29T20:04:25","guid":{"rendered":"https:\/\/www.stegerbraeu.at\/?page_id=19895"},"modified":"2025-07-24T19:18:56","modified_gmt":"2025-07-24T17:18:56","slug":"take-away-radstadt","status":"publish","type":"page","link":"https:\/\/www.stegerbraeu.at\/en\/restaurant-in-radstadt-salzburgerland\/take-away-radstadt\/","title":{"rendered":"Take Away food Radstadt"},"content":{"rendered":"<div class=\"wpb-content-wrapper\"><p>[vc_row][vc_column][vc_column_text]<\/p>\n<h1>Stegerbr\u00e4u Take away Delights<\/h1>\n<h2>\u00a0Take away food &#8211; in Radstadt<\/h2>\n<p>[\/vc_column_text][vc_column_text]<strong>Stegerbr\u00e4u&#8217;s delicious cuisine at home!\u00a0<\/strong>Whether you have a small or large appetite, we offer almost all of the dishes on our menu in the Stegerbr\u00e4u restaurant in Radstadt as TAKE AWAY options.[\/vc_column_text][\/vc_column][\/vc_row][vc_row full_width=&#8221;stretch_row&#8221; bg_type=&#8221;image&#8221; parallax_style=&#8221;vcpb-default&#8221; bg_image_new=&#8221;89|https:\/\/www.stegerbraeu.at\/wp-content\/uploads\/hintergrund1.jpg&#8221; bg_image_size=&#8221;initial&#8221; el_class=&#8221;hintergrund&#8221;][vc_column][vc_row_inner][vc_column_inner width=&#8221;1\/2&#8243;][vc_gallery interval=&#8221;5&#8243; images=&#8221;14428,18241,18245,14432,14436,14438&#8243; img_size=&#8221;medium&#8221;][\/vc_column_inner][vc_column_inner width=&#8221;1\/2&#8243;][vc_column_text]<\/p>\n<h4><em><strong>Radstadt\u00a0<\/strong><\/em><em><strong>Take away<\/strong><\/em><\/h4>\n<p>&nbsp;<\/p>\n<p>&nbsp;<\/p>\n<p>You don&#8217;t have the time or don&#8217;t feel like cooking for yourself? Do you want to enjoy the Stegerbr\u00e4u cuisine within your own four walls or are you expecting visitors at short notice and you need a tasty meal quickly? We look forward to seeing our dishes and drinks going home with you.<\/p>\n<p>&nbsp;<\/p>\n<p>In addition to most of the dishes on the menu, whether burgers, schnitzel, beef goulash, crispy salads, spring rolls, pasta dishes or vegetable curry, there is also the daily special as a take away option. For the popular Stegerbr\u00e4u classic &#8211; our fried chicken, please allow a short lead time when ordering.[\/vc_column_text][vc_column_text css=&#8221;.vc_custom_1639501564250{margin-top: -5px !important;}&#8221;][\/vc_column_text][\/vc_column_inner][\/vc_row_inner][\/vc_column][\/vc_row][vc_row css=&#8221;.vc_custom_1637967918595{margin-bottom: -20px !important;}&#8221;][vc_column][vc_column_text]<\/p>\n<h3>FOOD TO GO &#8211; Stegerbr\u00e4u-Cuisine to enjoy at home<\/h3>\n<p>[\/vc_column_text][vc_row_inner][vc_column_inner width=&#8221;1\/3&#8243;][vc_single_image image=&#8221;19870&#8243; img_size=&#8221;full&#8221; onclick=&#8221;custom_link&#8221; link=&#8221;https:\/\/www.stegerbraeu.at\/restaurant-in-radstadt-salzburgerland\/speisekarte-restaurant-gasthaus\/&#8221;][\/vc_column_inner][vc_column_inner width=&#8221;2\/3&#8243;][vc_column_text]<\/p>\n<h4><em><strong>Ordering Take away in Radstadt\u00a0 &#8211; How it works:<\/strong><\/em><\/h4>\n<p>[\/vc_column_text][vc_column_text]<\/p>\n<ul>\n<li>Check up to date opening days<\/li>\n<li>Select your desired dishes from the <a href=\"https:\/\/www.stegerbraeu.at\/en\/restaurant-in-radstadt-salzburgerland\/menu-restaurant-gasthaus-2\/\">Stegerbr\u00e4u menu<\/a><\/li>\n<li>then call:\u00a0<a href=\"tel:+4364524313\">+43 6452 4313<\/a>\u00a0and order<\/li>\n<li>Pick up the meal from us at the Stegerbr\u00e4u restaurant in Radstadt at the agreed time<\/li>\n<li>Depending on your preferences &#8211; pay in cash, with an EC card or with Visa or\u00a0 Mastercard<\/li>\n<li>Enjoy a traditional Stegerbr\u00e4u meal at home within your own four walls<\/li>\n<\/ul>\n<p><strong>Bon Appetit!<\/strong>[\/vc_column_text][\/vc_column_inner][\/vc_row_inner][vc_column_text]We offer dishes from the <strong>Stegerbr\u00e4u menu, burger menu<\/strong> or <strong>chef&#8217;s recommendations<\/strong> on days when we are open from 11am to 2pm and 5 to 9pm. If you are hungry in between, you can choose from the <strong>afternoon<\/strong> menu from 2 to 5pm. <a href=\"https:\/\/www.stegerbraeu.at\/en\/restaurant-in-radstadt-salzburgerland\/table-reservation-restaurant-gasthaus\/\" target=\"_blank\" rel=\"noopener\">You can check up to date opening days always under table reservation.\u00a0<\/a>[\/vc_column_text][vc_column_text css=&#8221;&#8221;]<\/p>\n<p style=\"text-align: center;\"><span class=\"button-block\"><a href=\"https:\/\/www.stegerbraeu.at\/en\/restaurant-in-radstadt-salzburgerland\/menu-restaurant-gasthaus-2\/\" target=\"_blank\" rel=\"noopener\">Link to the Stegerbraeu Menu<\/a><\/span><\/p>\n<p>[\/vc_column_text][vc_row_inner][vc_column_inner width=&#8221;1\/3&#8243;][vc_single_image image=&#8221;19888&#8243; img_size=&#8221;small&#8221;][\/vc_column_inner][vc_column_inner width=&#8221;1\/3&#8243;][vc_cta h2=&#8221;Bier, Wein, Frizzante&#8221; txt_align=&#8221;center&#8221; style=&#8221;outline&#8221;]The Stegerbr\u00e4u beer &#8211; a naturally cloudy edelzwickel, our wines in red or white or our frizzante in white or ros\u00e9, are also available to take away and enjoy at home.[\/vc_cta][\/vc_column_inner][vc_column_inner width=&#8221;1\/3&#8243;][vc_single_image image=&#8221;19886&#8243; img_size=&#8221;small&#8221;][\/vc_column_inner][\/vc_row_inner][vc_column_text]The StegerBR\u00c4U beer is available to take away in a practical 6-bottle tray (6 x 0.33l bottles) for EUR 16,00 and we will give you a Stegerbr\u00e4u beer glass as a gift. Stegerbr\u00e4u wines red or white: \u20ac 16,00 per bottle and the Stegerbr\u00e4u Frizzante \u201cMuskateller\u201d or \u201cRose\u201d are available for a pick-up price of \u20ac 20,00 per bottle.[\/vc_column_text][\/vc_column][\/vc_row][vc_row][vc_column][vc_column_text]<\/p>\n<h3>FREQUENTLY ASKED QUESTIONS ABOUT OUR TAKE AWAY SERVICE<\/h3>\n<p>[\/vc_column_text][vc_tta_accordion active_section=&#8221;99&#8243; collapsible_all=&#8221;true&#8221;][vc_tta_section title=&#8221;How long do I have to wait for my take away order?&#8221; tab_id=&#8221;1637963800427-6b60c2d5-17ad&#8221;][vc_column_text]As a rule, we need around 15 minutes from ordering to collection. You are also welcome to bring your own containers with you &#8211; simply state this when ordering. We are happy to help our environment.[\/vc_column_text][\/vc_tta_section][vc_tta_section title=&#8221;Is Stegerbr\u00e4u food also available as a delivery service?&#8221; tab_id=&#8221;1637963800456-ebc34dd7-44e0&#8243;][vc_column_text]A delivery service is not yet part of our offer. Please pick up the food yourself.[\/vc_column_text][\/vc_tta_section][vc_tta_section title=&#8221;At which times and on which days take away is offered?&#8221; tab_id=&#8221;1637964242691-d988900f-fec9&#8243;][vc_column_text]We offer take-away at our kitchen service times from 11.00 am to 9.00 pm. You can always find the valid opening hours, day off or breaks under <a href=\"https:\/\/www.stegerbraeu.at\/en\/restaurant-in-radstadt-salzburgerland\/table-reservation-restaurant-gasthaus\/\">table reservation.\u00a0<\/a>[\/vc_column_text][\/vc_tta_section][vc_tta_section title=&#8221;Which drinks are included in the take away offer?&#8221; tab_id=&#8221;1637964487522-38497760-69cb&#8221;][vc_column_text]In addition to cola, apple juice or mineral (in the 0.25l bottle), there is also the Stegerbr\u00e4u beer in a 6-bottle tray or our Stegerbr\u00e4u wines: red or white as well as the Stegerbr\u00e4u Frizzante white or ros\u00e9.[\/vc_column_text][\/vc_tta_section][\/vc_tta_accordion][\/vc_column][\/vc_row][vc_row full_width=&#8221;stretch_row&#8221; bg_type=&#8221;image&#8221; parallax_style=&#8221;vcpb-default&#8221; bg_image_new=&#8221;89|https:\/\/www.stegerbraeu.at\/wp-content\/uploads\/hintergrund1.jpg&#8221; bg_image_size=&#8221;initial&#8221; el_class=&#8221;hintergrund&#8221;][vc_column][vc_column_text]<\/p>\n<h3>LOOKING FOR A GIFT?<\/h3>\n<p>[\/vc_column_text][vc_row_inner][vc_column_inner width=&#8221;1\/3&#8243;][vc_single_image image=&#8221;18817&#8243; img_size=&#8221;small&#8221;][\/vc_column_inner][vc_column_inner width=&#8221;2\/3&#8243;][vc_column_text]There are a wide selection of vouchers on offer and vouchers for good cuisine are never out of season.<\/p>\n<ul>\n<li><strong>An Indulgent Breakfast &#8211; let yourself be pampered in the morning<\/strong><\/li>\n<li><strong> Chinese Fondue &#8211; for a special occasion or romantic evening<\/strong><\/li>\n<li><strong>Vouchers<\/strong> &#8211; redeemable at any time in the restaurant<\/li>\n<li><strong>Individual voucher tailored to your needs<\/strong><\/li>\n<li>Or a <strong>gift basket<\/strong> put together according to your wishes.<\/li>\n<li><\/li>\n<\/ul>\n<p>Just call us or come by and pick up the voucher. Our showcase on the ground floor &#8211; near the children&#8217;s playroom &#8211; also shows a selection of souvenirs, whether beer, wine, frizzante, homemade jam or schnapps. You can also order <a href=\"https:\/\/www.stegerbraeu.at\/en\/contact\/gift-voucher-hotel-radstadt\/\">Vouchers or Hotel-holiday Vouchers<\/a>\u00a0online.[\/vc_column_text][\/vc_column_inner][\/vc_row_inner][\/vc_column][\/vc_row][vc_row][vc_column width=&#8221;1\/3&#8243;][vc_column_text]<span class=\"button-block\"><a href=\"https:\/\/www.stegerbraeu.at\/en\/restaurant-in-radstadt-salzburgerland\/table-reservation-restaurant-gasthaus\/\">Reserve a table<\/a><\/span>[\/vc_column_text][\/vc_column][vc_column width=&#8221;1\/3&#8243;][vc_column_text]<span class=\"button-block\"><a href=\"https:\/\/www.stegerbraeu.at\/en\/contact\/gift-voucher-hotel-radstadt\/\">Gift voucher<\/a><\/span>[\/vc_column_text][\/vc_column][vc_column width=&#8221;1\/3&#8243;][vc_column_text]<span class=\"button-block\"><a href=\"https:\/\/www.stegerbraeu.at\/en\/hotel-radstadt\/3-star-hotel-radstadt-2\/\">Holidays in the Stegerbr\u00e4u<\/a><\/span>[\/vc_column_text][\/vc_column][\/vc_row]<\/p>\n<\/div>","protected":false},"excerpt":{"rendered":"<p>[vc_row][vc_column][vc_column_text] Stegerbr\u00e4u Take away Delights \u00a0Take away food &#8211; in Radstadt [\/vc_column_text][vc_column_text]Stegerbr\u00e4u&#8217;s delicious cuisine at home!\u00a0Whether you have a small<span class=\"ellipsis\">&hellip;<\/span> <a href=\"https:\/\/www.stegerbraeu.at\/en\/restaurant-in-radstadt-salzburgerland\/take-away-radstadt\/\"><\/p>\n<div class=\"read-more\">Read more &#8250;<\/div>\n<p><\/a><\/p>\n","protected":false},"author":2,"featured_media":20128,"parent":2655,"menu_order":32,"comment_status":"closed","ping_status":"closed","template":"","meta":{"_acf_changed":false,"footnotes":""},"class_list":["post-19895","page","type-page","status-publish","has-post-thumbnail","hentry"],"acf":[],"_links":{"self":[{"href":"https:\/\/www.stegerbraeu.at\/en\/wp-json\/wp\/v2\/pages\/19895","targetHints":{"allow":["GET"]}}],"collection":[{"href":"https:\/\/www.stegerbraeu.at\/en\/wp-json\/wp\/v2\/pages"}],"about":[{"href":"https:\/\/www.stegerbraeu.at\/en\/wp-json\/wp\/v2\/types\/page"}],"author":[{"embeddable":true,"href":"https:\/\/www.stegerbraeu.at\/en\/wp-json\/wp\/v2\/users\/2"}],"replies":[{"embeddable":true,"href":"https:\/\/www.stegerbraeu.at\/en\/wp-json\/wp\/v2\/comments?post=19895"}],"version-history":[{"count":11,"href":"https:\/\/www.stegerbraeu.at\/en\/wp-json\/wp\/v2\/pages\/19895\/revisions"}],"predecessor-version":[{"id":33160,"href":"https:\/\/www.stegerbraeu.at\/en\/wp-json\/wp\/v2\/pages\/19895\/revisions\/33160"}],"up":[{"embeddable":true,"href":"https:\/\/www.stegerbraeu.at\/en\/wp-json\/wp\/v2\/pages\/2655"}],"wp:featuredmedia":[{"embeddable":true,"href":"https:\/\/www.stegerbraeu.at\/en\/wp-json\/wp\/v2\/media\/20128"}],"wp:attachment":[{"href":"https:\/\/www.stegerbraeu.at\/en\/wp-json\/wp\/v2\/media?parent=19895"}],"curies":[{"name":"wp","href":"https:\/\/api.w.org\/{rel}","templated":true}]}}