{"id":18779,"date":"2021-05-31T13:57:54","date_gmt":"2021-05-31T11:57:54","guid":{"rendered":"https:\/\/www.stegerbraeu.at\/restaurant-in-radstadt-salzburgerland\/fruehstueck-radstadt\/"},"modified":"2026-02-22T12:14:21","modified_gmt":"2026-02-22T11:14:21","slug":"breakfast-radstadt","status":"publish","type":"page","link":"https:\/\/www.stegerbraeu.at\/en\/restaurant-in-radstadt-salzburgerland\/breakfast-radstadt\/","title":{"rendered":"Breakfast in Radstadt"},"content":{"rendered":"<div class=\"wpb-content-wrapper\"><p>[vc_row][vc_column][vc_column_text css=&#8221;&#8221;]<\/p>\n<h1>Breakfast in Radstadt<\/h1>\n<h2>Your breakfast delight at Julie&#8217;s Breakfast Restaurant in the Stegerbr\u00e4u<\/h2>\n<p>[\/vc_column_text][\/vc_column][\/vc_row][vc_row][vc_column width=&#8221;1\/2&#8243;]<div class=\"uavc-list-icon uavc-list-icon-wrapper ult-adjust-bottom-margin   \"><ul class=\"uavc-list\"><li><div class=\"uavc-list-content\" id=\"list-icon-wrap-7614\">\n<div class=\"uavc-list-icon  \" data-animation=\"\" data-animation-delay=\"03\" style=\"margin-right:3px;\"><div class=\"ult-just-icon-wrapper  \"><div class=\"align-icon\" style=\"text-align:center;\">\n<div class=\"aio-icon advanced \"  style=\"color:#dd3333;background:#ffffff;border-style:;border-color:#333333;border-width:1px;width:30px;height:30px;line-height:30px;border-radius:500px;font-size:17px;display:inline-block;\">\n\t<i class=\"Defaults-check\"><\/i>\n<\/div><\/div><\/div>\n<\/div><span  data-ultimate-target='#list-icon-wrap-7614 .uavc-list-desc'  data-responsive-json-new='{\"font-size\":\"\",\"line-height\":\"\"}'  class=\"uavc-list-desc ult-responsive\" style=\"\">Buffet breakfast for hotel &amp; \u00e0 la carte guests<\/span><\/div><\/li><li><div class=\"uavc-list-content\" id=\"list-icon-wrap-4863\">\n<div class=\"uavc-list-icon  \" data-animation=\"\" data-animation-delay=\"03\" style=\"margin-right:3px;\"><div class=\"ult-just-icon-wrapper  \"><div class=\"align-icon\" style=\"text-align:center;\">\n<div class=\"aio-icon advanced \"  style=\"color:#dd3333;background:#ffffff;border-style:;border-color:#333333;border-width:1px;width:30px;height:30px;line-height:30px;border-radius:500px;font-size:17px;display:inline-block;\">\n\t<i class=\"Defaults-check\"><\/i>\n<\/div><\/div><\/div>\n<\/div><span  data-ultimate-target='#list-icon-wrap-4863 .uavc-list-desc'  data-responsive-json-new='{\"font-size\":\"\",\"line-height\":\"\"}'  class=\"uavc-list-desc ult-responsive\" style=\"\">Breakfast on the terrace with mountain view<\/span><\/div><\/li><\/ul><\/div>[\/vc_column][vc_column width=&#8221;1\/2&#8243;]<div class=\"uavc-list-icon uavc-list-icon-wrapper ult-adjust-bottom-margin   \"><ul class=\"uavc-list\"><li><div class=\"uavc-list-content\" id=\"list-icon-wrap-1383\">\n<div class=\"uavc-list-icon  \" data-animation=\"\" data-animation-delay=\"03\" style=\"margin-right:3px;\"><div class=\"ult-just-icon-wrapper  \"><div class=\"align-icon\" style=\"text-align:center;\">\n<div class=\"aio-icon advanced \"  style=\"color:#dd3333;background:#ffffff;border-style:;border-color:#333333;border-width:1px;width:30px;height:30px;line-height:30px;border-radius:500px;font-size:17px;display:inline-block;\">\n\t<i class=\"Defaults-check\"><\/i>\n<\/div><\/div><\/div>\n<\/div><span  data-ultimate-target='#list-icon-wrap-1383 .uavc-list-desc'  data-responsive-json-new='{\"font-size\":\"\",\"line-height\":\"\"}'  class=\"uavc-list-desc ult-responsive\" style=\"\">Regional, vegan &amp; vegetarian products<\/span><\/div><\/li><li><div class=\"uavc-list-content\" id=\"list-icon-wrap-2072\">\n<div class=\"uavc-list-icon  \" data-animation=\"\" data-animation-delay=\"03\" style=\"margin-right:3px;\"><div class=\"ult-just-icon-wrapper  \"><div class=\"align-icon\" style=\"text-align:center;\">\n<div class=\"aio-icon advanced \"  style=\"color:#dd3333;background:#ffffff;border-style:;border-color:#333333;border-width:1px;width:30px;height:30px;line-height:30px;border-radius:500px;font-size:17px;display:inline-block;\">\n\t<i class=\"Defaults-check\"><\/i>\n<\/div><\/div><\/div>\n<\/div><span  data-ultimate-target='#list-icon-wrap-2072 .uavc-list-desc'  data-responsive-json-new='{\"font-size\":\"\",\"line-height\":\"\"}'  class=\"uavc-list-desc ult-responsive\" style=\"\">Julie&#8217;s Living-Room with cozy lounge atmosphere<\/span><\/div><\/li><\/ul><\/div>[\/vc_column][\/vc_row][vc_row css=&#8221;.vc_custom_1624709070406{margin-top: 20px !important;}&#8221;][vc_column][vc_column_text css=&#8221;&#8221;]<\/p>\n<h3>Julie&#8217;s Breakfast in Radstadt &#8211; regional flavor with style<\/h3>\n<p>[\/vc_column_text][vc_column_text css=&#8221;&#8221;]<\/p>\n<div class=\"art_headline\">\n<p>Start your day with a delicious breakfast in Radstadt at <strong>Julie&#8217;s Breakfast Restaurant <\/strong>in Hotel Stegerbr\u00e4u. Our buffet offers everything your morning appetite desires &#8211; from fresh regional produce to vegan options and freshly prepared egg dishes. Whether you&#8217;re a hotel guest or a local \u00e0 la carte visitor &#8211; enjoy your breakfast in stylish setting of our newly renovated breakfast restaurant, including the cozy <strong>&#8220;Julie&#8217;s Living Room&#8221;.\u00a0<\/strong><\/p>\n<header class=\"align-\"><\/header>\n<\/div>\n<p>[\/vc_column_text][\/vc_column][\/vc_row][vc_row][vc_column width=&#8221;1\/3&#8243;][vc_single_image image=&#8221;33444&#8243; img_size=&#8221;full&#8221; alignment=&#8221;center&#8221; onclick=&#8221;link_image&#8221; css=&#8221;&#8221;][\/vc_column][vc_column width=&#8221;1\/3&#8243;][vc_single_image image=&#8221;33460&#8243; img_size=&#8221;full&#8221; alignment=&#8221;center&#8221; onclick=&#8221;link_image&#8221; css=&#8221;&#8221;][\/vc_column][vc_column width=&#8221;1\/3&#8243;][vc_single_image image=&#8221;34544&#8243; img_size=&#8221;full&#8221; alignment=&#8221;center&#8221; onclick=&#8221;link_image&#8221; css=&#8221;&#8221;][\/vc_column][\/vc_row][vc_row][vc_column][vc_cta h2=&#8221;&#8221; style=&#8221;outline&#8221; css=&#8221;&#8221;]<\/p>\n<h4 class=\"headline narrow_title brown_title\" style=\"text-align: center;\"><em>Breakfast in Radstadt &#8211; daily from 7:00 to\u00a0 10:30 am<\/em><\/h4>\n<p>&nbsp;<\/p>\n<p style=\"text-align: center;\">At just\u00a0<strong>\u20ac 26<\/strong> per person, <strong>including breakfast beverages and egg dishes, <\/strong>nothing stands in the way of a delightful morning.<\/p>\n<p style=\"text-align: center;\"><strong>Children under 4 years <\/strong>are invited free of charge, and <strong>kids aged 4 to 12 <\/strong>enjoy a reduced rate of <strong>\u20ac 14,50.<\/strong><\/p>\n<p style=\"text-align: center;\">Julie&#8217;s Living room remains open afterwards as a cozy caf\u00e9-meeting spot until 12:00 noon.<\/p>\n<p style=\"text-align: center;\"><strong>Please make a reservation in advance. For <\/strong><strong>Stegerbr\u00e4u hotel guests, breakfast is included in the room rate.\u00a0<\/strong><\/p>\n<p>[\/vc_cta][vc_column_text css=&#8221;&#8221;]<span class=\"button-block\"><strong>\u00a0<\/strong><a href=\"https:\/\/www.stegerbraeu.at\/en\/restaurant-in-radstadt-salzburgerland\/table-reservation-restaurant-gasthaus\/\" target=\"_blank\" rel=\"noopener\">Reserve your breakfast in Radstadt now<\/a><\/span>[\/vc_column_text][\/vc_column][\/vc_row][vc_row full_width=&#8221;stretch_row&#8221; bg_type=&#8221;image&#8221; parallax_style=&#8221;vcpb-default&#8221; bg_image_new=&#8221;89|https:\/\/www.stegerbraeu.at\/wp-content\/uploads\/hintergrund1.jpg&#8221; bg_image_size=&#8221;initial&#8221; el_class=&#8221;hintergrund&#8221;][vc_column][vc_row_inner][vc_column_inner][vc_column_text css=&#8221;&#8221;]<\/p>\n<h3>What to expect from your breakfast in Radstadt<\/h3>\n<p>[\/vc_column_text][\/vc_column_inner][\/vc_row_inner][vc_row_inner equal_height=&#8221;yes&#8221; content_placement=&#8221;middle&#8221;][vc_column_inner width=&#8221;1\/2&#8243;][vc_gallery interval=&#8221;3&#8243; images=&#8221;18145,18131,18169,33471,33458,33454,33980,33477,33473,18143&#8243; img_size=&#8221;full&#8221; css=&#8221;.vc_custom_1769617589029{margin-top: 10px !important;}&#8221;][\/vc_column_inner][vc_column_inner width=&#8221;1\/2&#8243;][vc_column_text css=&#8221;&#8221;]<\/p>\n<ul>\n<li>Bread and rolls from the Kirchgasser bakery in Radstadt<\/li>\n<li>Cold cuts and cheese<\/li>\n<li>Spreads, fresh vegetables, yoghurt &amp; fruit<\/li>\n<li>Muesli, vegan porridge, compote and dried fruit<\/li>\n<li><strong>Egg dishes: <\/strong>boiled egg, scrambled, freid, or egg in a glass<\/li>\n<li>Savories like mozzarella with tomatoes, or sheeps cheese<\/li>\n<li>The warm options are: sausage or beans and Chilli con Carne<\/li>\n<li>Juices from the drinks bar and fruit juice from Obstbauer Koller &#8211; Styria<\/li>\n<li><strong>Tea selection from Demmers Teehaus <\/strong><\/li>\n<li><strong>Hot chocolate to stir yourself &#8211; <\/strong>with hot or cold milk<\/li>\n<li><strong>Coffee specialities from Omkaf\u00e9\u00a0<\/strong>(espresso, cappuccino, latte&#8230;)<\/li>\n<\/ul>\n<p>[\/vc_column_text][vc_column_text][\/vc_column_text][\/vc_column_inner][\/vc_row_inner][vc_row_inner equal_height=&#8221;yes&#8221; content_placement=&#8221;middle&#8221;][vc_column_inner width=&#8221;1\/5&#8243;][vc_single_image image=&#8221;18185&#8243; img_size=&#8221;full&#8221; alignment=&#8221;center&#8221;][\/vc_column_inner][vc_column_inner width=&#8221;4\/5&#8243;][vc_column_text css=&#8221;&#8221;]<strong>For dietary needs and food intolerances\u00a0<\/strong><\/p>\n<p>Vegetarian, vegan, lactose &#8211; or gluten-free? We&#8217;re happy to accommodate your needs &#8211; please let us know when booking. Gluten-free packaged bread is available on request.[\/vc_column_text][\/vc_column_inner][\/vc_row_inner][vc_row_inner][vc_column_inner width=&#8221;1\/5&#8243;][vc_single_image image=&#8221;17811&#8243; img_size=&#8221;full&#8221; alignment=&#8221;center&#8221;][\/vc_column_inner][vc_column_inner width=&#8221;4\/5&#8243;][vc_column_text css=&#8221;&#8221;]<strong>Please note:<\/strong> dogs are not allowed in the breakfast restaurant. In summer, your four-legged friend is welcome to join you on the terrace during garden service. Thank you for your understanding.[\/vc_column_text][\/vc_column_inner][\/vc_row_inner][\/vc_column][\/vc_row][vc_row][vc_column][vc_column_text css=&#8221;&#8221;]<\/p>\n<h3>Julie&#8217;s Living room &#8211; breakfast enjoyment &amp; lounge feeling<\/h3>\n<p>[\/vc_column_text][vc_row_inner][vc_column_inner width=&#8221;1\/2&#8243;][vc_empty_space][vc_column_text css=&#8221;&#8221;]Since the renovation in autumn 2025, our former wine lounge has been transformed into\u00a0<strong>&#8220;Julie&#8217;s Living Room&#8221; &#8211;\u00a0<\/strong>adding a new dimension to the breakfast experience.<\/p>\n<p>This cozy lounge area is not only part of the breakfast service, but also the perfect caf\u00e9-style meeting spot.\u00a0<strong>Even without breakfast,\u00a0<\/strong>feel free to drop by for a coffee or drink &#8211; we welcome you daily\u00a0<strong>until 12:00 noon <\/strong>for a relaxed chat or quiet break.<\/p>\n<p>&nbsp;<\/p>\n<p>After breakfast hours, &#8220;Julie&#8217;s Wohnzimmer&#8221; is exclusively available to our hotel guests as a comfortable lounge ara &#8211; with self-service drinks (extra charge), cozy seating and a relaxed living room atmosphere lasting into the late evening.[\/vc_column_text][\/vc_column_inner][vc_column_inner width=&#8221;1\/2&#8243;][vc_gallery interval=&#8221;3&#8243; images=&#8221;34534,34530,34526,34524,34546,34502,34540,34506&#8243; img_size=&#8221;large&#8221; css=&#8221;&#8221;][\/vc_column_inner][\/vc_row_inner][\/vc_column][\/vc_row][vc_row full_width=&#8221;stretch_row&#8221; bg_type=&#8221;image&#8221; parallax_style=&#8221;vcpb-default&#8221; bg_image_new=&#8221;89|https:\/\/www.stegerbraeu.at\/wp-content\/uploads\/hintergrund1.jpg&#8221; bg_image_size=&#8221;initial&#8221; el_class=&#8221;hintergrund&#8221;][vc_column][vc_column_text css=&#8221;&#8221;]<\/p>\n<h5>Breakfast with a view &#8211; on our breakfast terrace<\/h5>\n<p>[\/vc_column_text][vc_column_text css=&#8221;&#8221;]In summer, enjoy your breakfast outdoors on the terrace in front of Julie&#8217;s &#8211; with a magnificent view of the Radstadt mountains.[\/vc_column_text][vc_row_inner][vc_column_inner width=&#8221;1\/3&#8243;][vc_single_image image=&#8221;25782&#8243; img_size=&#8221;small&#8221; onclick=&#8221;link_image&#8221; css=&#8221;&#8221;][\/vc_column_inner][vc_column_inner width=&#8221;1\/3&#8243;][vc_single_image image=&#8221;33402&#8243; img_size=&#8221;small&#8221; onclick=&#8221;link_image&#8221; css=&#8221;&#8221;][\/vc_column_inner][vc_column_inner width=&#8221;1\/3&#8243;][vc_single_image image=&#8221;18179&#8243; img_size=&#8221;small&#8221; onclick=&#8221;link_image&#8221; css=&#8221;&#8221;][\/vc_column_inner][\/vc_row_inner][\/vc_column][\/vc_row][vc_row][vc_column][vc_column_text css=&#8221;&#8221;]<\/p>\n<h3>Breakfast in Radstadt &#8211; for special occasions or as a gift<\/h3>\n<p>[\/vc_column_text][vc_column_text css=&#8221;&#8221;]Whether with friends, family, or for business &#8211;\u00a0<strong>Julie&#8217;s Breakfast Restaurant\u00a0<\/strong>offers the perfect setting for any special morning occasion.<br \/>\n<strong>Tip: <\/strong>a breakfast gift voucher makes a thoughtful present!<\/p>\n<p style=\"text-align: center;\">Send your request <a href=\"https:\/\/www.stegerbraeu.at\/en\/restaurant-in-radstadt-salzburgerland\/table-reservation-restaurant-gasthaus\/\">here<\/a> or phone us on\u00a0<strong>+43 6452 4313<\/strong><\/p>\n<p>[\/vc_column_text][\/vc_column][\/vc_row][vc_row][vc_column width=&#8221;1\/3&#8243;]<div tabindex=\"0\" class=\"ult-new-ib ult-ib-effect-style15 grid-abstand-unten ult-ib-resp  \" data-min-width=\"768\" data-max-width=\"900\" style=\"\" data-opacity=\"1\" data-hover-opacity=\"1\" ><img decoding=\"async\" class=\"ult-new-ib-img\" style=\"opacity:1;\" alt=\"Wohnen in gem\u00fctlichen Zimmern\" src=\"https:\/\/www.stegerbraeu.at\/wp-content\/uploads\/wohnen-im-stegerbraeu-c.jpg\"   \/><div id=\"interactive-banner-wrap-8041\" class=\"ult-new-ib-desc\" style=\"\"><h2 class=\"ult-new-ib-title ult-responsive\"  data-ultimate-target='#interactive-banner-wrap-8041 .ult-new-ib-title'  data-responsive-json-new='{\"font-size\":\"\",\"line-height\":\"\"}'  style=\"font-weight:normal;\">Included services for hotel guests<\/h2><\/div><a class=\"ult-new-ib-link\" href=\"https:\/\/www.stegerbraeu.at\/en\/hotel-radstadt\/included-services\/\"  ><\/a><\/div>[\/vc_column][vc_column width=&#8221;1\/3&#8243;]<div tabindex=\"0\" class=\"ult-new-ib ult-ib-effect-style15 grid-abstand-unten ult-ib-resp  \" data-min-width=\"768\" data-max-width=\"900\" style=\"\" data-opacity=\"1\" data-hover-opacity=\"1\" ><img decoding=\"async\" class=\"ult-new-ib-img\" style=\"opacity:1;\" alt=\"Das Wiener Schnitzel z\u00e4hlt zu den klassischen Standard-Gerichten im Stegerbr\u00e4u, mit Petersilienkartoffeln und Preiselbeeren\" src=\"https:\/\/www.stegerbraeu.at\/wp-content\/uploads\/wiener-schnitzel-mit-petersilienkartoffeln_stegerbraeu_132-c.jpg\"   \/><div id=\"interactive-banner-wrap-6572\" class=\"ult-new-ib-desc\" style=\"\"><h2 class=\"ult-new-ib-title ult-responsive\"  data-ultimate-target='#interactive-banner-wrap-6572 .ult-new-ib-title'  data-responsive-json-new='{\"font-size\":\"\",\"line-height\":\"\"}'  style=\"font-weight:normal;\">Browse the Stegerbr\u00e4u menu<\/h2><\/div><a class=\"ult-new-ib-link\" href=\"https:\/\/www.stegerbraeu.at\/en\/restaurant-in-radstadt-salzburgerland\/menu-restaurant\/\"  ><\/a><\/div>[\/vc_column][vc_column width=&#8221;1\/3&#8243;]<div tabindex=\"0\" class=\"ult-new-ib ult-ib-effect-style15 grid-abstand-unten ult-ib-resp  \" data-min-width=\"768\" data-max-width=\"900\" style=\"\" data-opacity=\"1\" data-hover-opacity=\"1\" ><img decoding=\"async\" class=\"ult-new-ib-img\" style=\"opacity:1;\" alt=\"Ein Gutschein f\u00fcr ein Genuss-Fr\u00fchst\u00fcck im Stegerbr\u00e4u in Radstadt ist ein ideales Geschenk f\u00fcr Ihre Liebsten\" src=\"https:\/\/www.stegerbraeu.at\/wp-content\/uploads\/gutschein-fuer-fruehstueck-in-radstadt-restaurant-stegerbraeu-c.jpg\"   \/><div id=\"interactive-banner-wrap-5539\" class=\"ult-new-ib-desc\" style=\"\"><h2 class=\"ult-new-ib-title ult-responsive\"  data-ultimate-target='#interactive-banner-wrap-5539 .ult-new-ib-title'  data-responsive-json-new='{\"font-size\":\"\",\"line-height\":\"\"}'  style=\"font-weight:normal;\">Give joy with a Stegerbr\u00e4u gift voucher<\/h2><\/div><a class=\"ult-new-ib-link\" href=\"https:\/\/www.stegerbraeu.at\/en\/contact\/gift-voucher-hotel-radstadt\/\"  ><\/a><\/div>[\/vc_column][\/vc_row]<\/p>\n<\/div>","protected":false},"excerpt":{"rendered":"<p>[vc_row][vc_column][vc_column_text css=&#8221;&#8221;] Breakfast in Radstadt Your breakfast delight at Julie&#8217;s Breakfast Restaurant in the Stegerbr\u00e4u [\/vc_column_text][\/vc_column][\/vc_row][vc_row][vc_column width=&#8221;1\/2&#8243;][\/vc_column][vc_column width=&#8221;1\/2&#8243;][\/vc_column][\/vc_row][vc_row css=&#8221;.vc_custom_1624709070406{margin-top: 20px<span class=\"ellipsis\">&hellip;<\/span> <a href=\"https:\/\/www.stegerbraeu.at\/en\/restaurant-in-radstadt-salzburgerland\/breakfast-radstadt\/\"><\/p>\n<div class=\"read-more\">Read more &#8250;<\/div>\n<p><\/a><\/p>\n","protected":false},"author":2,"featured_media":34583,"parent":2655,"menu_order":11,"comment_status":"closed","ping_status":"closed","template":"","meta":{"_acf_changed":false,"footnotes":""},"class_list":["post-18779","page","type-page","status-publish","has-post-thumbnail","hentry"],"acf":[],"_links":{"self":[{"href":"https:\/\/www.stegerbraeu.at\/en\/wp-json\/wp\/v2\/pages\/18779","targetHints":{"allow":["GET"]}}],"collection":[{"href":"https:\/\/www.stegerbraeu.at\/en\/wp-json\/wp\/v2\/pages"}],"about":[{"href":"https:\/\/www.stegerbraeu.at\/en\/wp-json\/wp\/v2\/types\/page"}],"author":[{"embeddable":true,"href":"https:\/\/www.stegerbraeu.at\/en\/wp-json\/wp\/v2\/users\/2"}],"replies":[{"embeddable":true,"href":"https:\/\/www.stegerbraeu.at\/en\/wp-json\/wp\/v2\/comments?post=18779"}],"version-history":[{"count":10,"href":"https:\/\/www.stegerbraeu.at\/en\/wp-json\/wp\/v2\/pages\/18779\/revisions"}],"predecessor-version":[{"id":34704,"href":"https:\/\/www.stegerbraeu.at\/en\/wp-json\/wp\/v2\/pages\/18779\/revisions\/34704"}],"up":[{"embeddable":true,"href":"https:\/\/www.stegerbraeu.at\/en\/wp-json\/wp\/v2\/pages\/2655"}],"wp:featuredmedia":[{"embeddable":true,"href":"https:\/\/www.stegerbraeu.at\/en\/wp-json\/wp\/v2\/media\/34583"}],"wp:attachment":[{"href":"https:\/\/www.stegerbraeu.at\/en\/wp-json\/wp\/v2\/media?parent=18779"}],"curies":[{"name":"wp","href":"https:\/\/api.w.org\/{rel}","templated":true}]}}