{"id":16966,"date":"2021-04-28T21:24:45","date_gmt":"2021-04-28T19:24:45","guid":{"rendered":"https:\/\/www.stegerbraeu.at\/hotel-radstadt\/salzburgerland-card\/"},"modified":"2025-04-15T21:17:48","modified_gmt":"2025-04-15T19:17:48","slug":"salzburgerland-card","status":"publish","type":"page","link":"https:\/\/www.stegerbraeu.at\/en\/hotel-radstadt\/salzburgerland-card\/","title":{"rendered":"SalzburgerLand Card"},"content":{"rendered":"<div class=\"wpb-content-wrapper\"><p>[vc_row][vc_column][vc_column_text]<\/p>\n<h1>SALZBURGERLAND CARD<\/h1>\n<h2>One entry card &#8211; more than 180 attractions &#8211; the all-inclusive summer card<\/h2>\n<p>[\/vc_column_text][\/vc_column][\/vc_row][vc_row full_width=&#8221;stretch_row_content_no_spaces&#8221;][vc_column][vc_separator][\/vc_column][\/vc_row][vc_row][vc_column][vc_column_text]Your holiday in Salzburger Land lasts 1 or even 2 weeks and you want to experience a lot visit sights, lakes &amp; spas, gondola up to the heights on mountain railways, enjoy culture in the City of Salzburg or go to the Gro\u00dfglockner? Then the SalzburgerLand Card is just the thing for your summer holiday. It offers you a discount price and with it you have an admission ticket to over 180 attractions in your hands.[\/vc_column_text][\/vc_column][\/vc_row][vc_row full_width=&#8221;stretch_row&#8221; bg_type=&#8221;image&#8221; parallax_style=&#8221;vcpb-default&#8221; bg_image_new=&#8221;89|https:\/\/www.stegerbraeu.at\/wp-content\/uploads\/hintergrund1.jpg&#8221; bg_image_size=&#8221;initial&#8221; el_class=&#8221;hintergrund&#8221;][vc_column][vc_column_text]<\/p>\n<h3>Buy the SalzburgerLand Card<\/h3>\n<p>[\/vc_column_text][vc_column_text]<\/p>\n<h4><em>Where can I get the SalzburgerLand Card?<\/em><\/h4>\n<p>[\/vc_column_text][vc_row_inner][vc_column_inner width=&#8221;1\/2&#8243;][vc_column_text]<strong>Right here over a link on the website of Hotel Stegerbr\u00e4u\u00a0<\/strong><\/p>\n<ul>\n<li><a href=\"https:\/\/www.salzburgerland.com\/en\/buy-salzburgerland-card\/?slc_id=6C1B1115-85FB-467F-9FB4-4226B21257AF\" target=\"_blank\" rel=\"noopener\">order the SalzburgerLand Card online to a fixed price\u00a0<\/a><\/li>\n<li>choose either\u00a0 6 or 12 days<\/li>\n<li>close the order with your payment<\/li>\n<li>then you will receive an email with the links to your personalized cards, which you can then simply download digitally to your mobile phone.<\/li>\n<li>from the first use the card is then valid for 6 or 12 days<\/li>\n<li>the children&#8217;s card is valid from the 4th birthday and up to the 16th birthday<\/li>\n<li>enjoy entry to about 180 attractions in the province and city of Salzburg free of charge<\/li>\n<\/ul>\n<p><strong>Short notice: <\/strong>no app needs to be installed for this. You prefer to have a ticket in paper form? &#8211; then alternatively print it out as a print-home ticket. The ticket costs the same everywhere, regardless of whether you order it here via the Hotl Stegerbr\u00e4u link, from the tourist office or from Salzburger Land Tourismus Company.[\/vc_column_text][vc_column_text][\/vc_column_text][\/vc_column_inner][vc_column_inner width=&#8221;1\/2&#8243;]<div tabindex=\"0\" class=\"ult-new-ib ult-ib-effect-style15 grid-abstand-unten ult-ib-resp  \" data-min-width=\"768\" data-max-width=\"900\" style=\"\" data-opacity=\"1\" data-hover-opacity=\"1\" ><img decoding=\"async\" class=\"ult-new-ib-img\" style=\"opacity:1;\" alt=\"Nur eine Eintrittskarte f\u00fcr \u00fcber 180 Attraktionen, \u00a9SalzburberLand Tourismus\" src=\"https:\/\/www.stegerbraeu.at\/wp-content\/uploads\/Salzburgerland-Card-f\u00fcr-Ihren-Sommerurlaub\u00a9Salzburgerland-Tourismus-c.jpg\"   \/><div id=\"interactive-banner-wrap-1663\" class=\"ult-new-ib-desc\" style=\"\"><h2 class=\"ult-new-ib-title ult-responsive\"  data-ultimate-target='#interactive-banner-wrap-1663 .ult-new-ib-title'  data-responsive-json-new='{\"font-size\":\"\",\"line-height\":\"\"}'  style=\"font-weight:normal;\">Order here online your SalzburgerLand Card<\/h2><\/div><a class=\"ult-new-ib-link\" href=\"https:\/\/www.salzburgerland.com\/en\/buy-salzburgerland-card\/?slc_id=6C1B1115-85FB-467F-9FB4-4226B21257AF\" target=\"_blank\" rel=\"noopener\"><\/a><\/div>[\/vc_column_inner][\/vc_row_inner][\/vc_column][\/vc_row][vc_row][vc_column width=&#8221;2\/3&#8243;][vc_column_text]\n<table id=\"tablepress-67\" class=\"tablepress tablepress-id-67 tablepress-responsive\">\n<thead>\n<tr class=\"row-1\">\n\t<th class=\"column-1\">Prices for the SL-Card (2025)<\/th><th class=\"column-2\">6 days<\/th><th class=\"column-3\">12 days<\/th>\n<\/tr>\n<\/thead>\n<tbody class=\"row-striping row-hover\">\n<tr class=\"row-2\">\n\t<td class=\"column-1\">per adult <\/td><td class=\"column-2\">\u20ac 99,00<\/td><td class=\"column-3\">\u20ac 124,00<\/td>\n<\/tr>\n<tr class=\"row-3\">\n\t<td class=\"column-1\">child  4-15,9 years<\/td><td class=\"column-2\">\u20ac 50,00<\/td><td class=\"column-3\">\u20ac 62,00<\/td>\n<\/tr>\n<\/tbody>\n<\/table>\n[\/vc_column_text][\/vc_column][vc_column width=&#8221;1\/3&#8243;][vc_column_text]The age at the start of the holiday period applies. The SalzburgerLand Card is free for the third child of a family between age 4 and 15,9 (also applies to single parents).\u00a0 Since many children up to the age of 4 usually have free admission anyway, the card is only available from the age of 4.[\/vc_column_text][\/vc_column][\/vc_row][vc_row][vc_column css=&#8221;.vc_custom_1619643621451{margin-top: -20px !important;margin-bottom: -20px !important;}&#8221;][vc_column_text]Included in your SalzburgerLand Card is further the\u00a0<strong>24-hour Salzburg-Card OR one free ride to the Gro\u00dfglockner!\u00a0 <\/strong>The day for your special experience you just can choose at short notice.\u00a0\u00a0Ab der ersten Nutzung in der Stadt Salzburg -ist eine Fahrt auf der Gro\u00dfglockner Hochalpenstra\u00dfe nicht mehr m\u00f6glich &#8211; und umgekehrt.[\/vc_column_text][\/vc_column][\/vc_row][vc_row full_width=&#8221;stretch_row&#8221; bg_type=&#8221;image&#8221; parallax_style=&#8221;vcpb-default&#8221; bg_image_new=&#8221;89|https:\/\/www.stegerbraeu.at\/wp-content\/uploads\/hintergrund1.jpg&#8221; bg_image_size=&#8221;initial&#8221; el_class=&#8221;hintergrund&#8221;][vc_column][vc_column_text][\/vc_column_text][vc_row_inner][vc_column_inner width=&#8221;1\/2&#8243; css=&#8221;.vc_custom_1621871395431{margin-top: -20px !important;}&#8221;][vc_single_image image=&#8221;16818&#8243; img_size=&#8221;medium&#8221; onclick=&#8221;link_image&#8221;][vc_column_text]<strong>Mozart City Salzburg<\/strong> &#8211; just 75 km from Radstadt (50 minutes by car). Experience Salzburg for a day and visit the numerous attractions and sights within 24 hours free of charge.<\/p>\n<p>The Hohensalzburg Fortress, the Mozart Museums, the Getreidegasse, Hellbrunn Palace &amp; Trick Fountains or the Zoo Salzburg are just a few of the many places to visit and to experience.[\/vc_column_text][vc_column_text css=&#8221;.vc_custom_1620163129149{margin-top: -10px !important;}&#8221;]<span class=\"button-block\"><a href=\"https:\/\/www.salzburg.info\/en\/sights\/top10\" target=\"_blank\" rel=\"noopener\">See here more about Top Sights in Salzburg<\/a><\/span>[\/vc_column_text][\/vc_column_inner][vc_column_inner width=&#8221;1\/2&#8243; css=&#8221;.vc_custom_1621871400339{margin-top: -20px !important;}&#8221;][vc_single_image image=&#8221;16816&#8243; img_size=&#8221;medium&#8221; onclick=&#8221;link_image&#8221;][vc_column_text]<strong>Alternatively you can choose a free trip to the Gro\u00dfglockner High Alpine Road.<\/strong>\u00a0Drive up to the highest mountain of Austria with 3.798 meters. The 48 km long road is an experience for young and old.\u00a0Along the route there are 12 locations where you can experience museums, nature and panorama trails, exhibitions and more. It is 75 km from Radstadt to the starting point &#8220;Bruck an der Glocknerstra\u00dfe&#8221;.[\/vc_column_text][vc_column_text css=&#8221;.vc_custom_1620163119012{margin-top: -10px !important;}&#8221;]<span class=\"button-block\"><a href=\"https:\/\/www.grossglockner.at\/gg\/en\/index\" target=\"_blank\" rel=\"noopener\">Information to the Gro\u00dfglockner Experience<\/a><\/span>[\/vc_column_text][\/vc_column_inner][\/vc_row_inner][vc_column_text css=&#8221;.vc_custom_1620163135312{margin-top: 10px !important;}&#8221;]<span class=\"button-block\"><a href=\"https:\/\/www.salzburgerland.com\/en\/all-attractions-at-a-glance\/#\/pois\" target=\"_blank\" rel=\"noopener\">All attractions at a glance\u00a0<\/a><\/span>[\/vc_column_text][vc_column_text]The new SalzburgerLand brochure will be available from approx. mid May.[\/vc_column_text][\/vc_column][\/vc_row][vc_row][vc_column][vc_tta_accordion active_section=&#8221;1&#8243; collapsible_all=&#8221;true&#8221; title=&#8221;FAQS&#8221;][vc_tta_section title=&#8221;During which period is the SalzburgerLand Card valid and what about opening days?&#8221; tab_id=&#8221;1619641146242-af817b67-6b36&#8243;][vc_column_text]The SalzburgerLand Card is valid from 1<sup>st May<\/sup> until 9<sup>th<\/sup> of November\u00a0and within this period,\u00a0 the card can be used for 6 or 12 consecutive days (depending on what you did buy).\u00a0\u00a0The opening hours of the service partners (attractions) can change, especially cable cars and open-air swimming pools, as operation here depends on the weather.\u00a0Particularly during the off-peak periods (May an October), limited operation must be expected.[\/vc_column_text][\/vc_tta_section][vc_tta_section title=&#8221;Are dogs allowed for the visit of the attractions?&#8221; tab_id=&#8221;1619645287250-138ef2b1-74e4&#8243;][vc_column_text]Please check this yourself before your visit. If dogs are allowed or if there are extra costs, is handled quite differently. Sometimes it is also necessary for the dog to be muzzled. Please notice as well, that dogs principally must wear a muzzle on public transport.[\/vc_column_text][\/vc_tta_section][vc_tta_section title=&#8221;What about bicycles on mountain railways?&#8221; tab_id=&#8221;1619645443187-67d31f2f-f614&#8243;][vc_column_text]In many gondola lifts, bikes can be taken along free of charge, but this is regulated differently by each mountain railway. To be on the safe side, always check directly with the respective mountain railway company in advance.[\/vc_column_text][\/vc_tta_section][vc_tta_section title=&#8221;Can the card still be cancelled after purchase?&#8221; tab_id=&#8221;1619645477849-da230e59-4d62&#8243;][vc_column_text]Unfortunately, there is no legal entitlement to reimbursement of costs in the event of illness or accident.[\/vc_column_text][\/vc_tta_section][\/vc_tta_accordion][\/vc_column][\/vc_row]<\/p>\n<\/div>","protected":false},"excerpt":{"rendered":"<p>[vc_row][vc_column][vc_column_text] SALZBURGERLAND CARD One entry card &#8211; more than 180 attractions &#8211; the all-inclusive summer card [\/vc_column_text][\/vc_column][\/vc_row][vc_row full_width=&#8221;stretch_row_content_no_spaces&#8221;][vc_column][vc_separator][\/vc_column][\/vc_row][vc_row][vc_column][vc_column_text]Your holiday in<span class=\"ellipsis\">&hellip;<\/span> <a href=\"https:\/\/www.stegerbraeu.at\/en\/hotel-radstadt\/salzburgerland-card\/\"><\/p>\n<div class=\"read-more\">Read more &#8250;<\/div>\n<p><\/a><\/p>\n","protected":false},"author":2,"featured_media":16802,"parent":2656,"menu_order":2,"comment_status":"closed","ping_status":"closed","template":"","meta":{"_acf_changed":false,"footnotes":""},"class_list":["post-16966","page","type-page","status-publish","has-post-thumbnail","hentry"],"acf":[],"_links":{"self":[{"href":"https:\/\/www.stegerbraeu.at\/en\/wp-json\/wp\/v2\/pages\/16966","targetHints":{"allow":["GET"]}}],"collection":[{"href":"https:\/\/www.stegerbraeu.at\/en\/wp-json\/wp\/v2\/pages"}],"about":[{"href":"https:\/\/www.stegerbraeu.at\/en\/wp-json\/wp\/v2\/types\/page"}],"author":[{"embeddable":true,"href":"https:\/\/www.stegerbraeu.at\/en\/wp-json\/wp\/v2\/users\/2"}],"replies":[{"embeddable":true,"href":"https:\/\/www.stegerbraeu.at\/en\/wp-json\/wp\/v2\/comments?post=16966"}],"version-history":[{"count":10,"href":"https:\/\/www.stegerbraeu.at\/en\/wp-json\/wp\/v2\/pages\/16966\/revisions"}],"predecessor-version":[{"id":17293,"href":"https:\/\/www.stegerbraeu.at\/en\/wp-json\/wp\/v2\/pages\/16966\/revisions\/17293"}],"up":[{"embeddable":true,"href":"https:\/\/www.stegerbraeu.at\/en\/wp-json\/wp\/v2\/pages\/2656"}],"wp:featuredmedia":[{"embeddable":true,"href":"https:\/\/www.stegerbraeu.at\/en\/wp-json\/wp\/v2\/media\/16802"}],"wp:attachment":[{"href":"https:\/\/www.stegerbraeu.at\/en\/wp-json\/wp\/v2\/media?parent=16966"}],"curies":[{"name":"wp","href":"https:\/\/api.w.org\/{rel}","templated":true}]}}